{"id":3451,"date":"2017-08-28T07:50:45","date_gmt":"2017-08-28T07:50:45","guid":{"rendered":"https:\/\/antonioguillem.com\/our-history\/"},"modified":"2025-09-15T11:27:52","modified_gmt":"2025-09-15T11:27:52","slug":"sobre-nosotros","status":"publish","type":"page","link":"http:\/\/antonioguillem.com\/es\/sobre-nosotros\/","title":{"rendered":"SOBRE NOSOTROS"},"content":{"rendered":"<div class=\"fusion-fullwidth fullwidth-box fusion-builder-row-1 nonhundred-percent-fullwidth non-hundred-percent-height-scrolling fusion-equal-height-columns\" style=\"--awb-border-radius-top-left:0px;--awb-border-radius-top-right:0px;--awb-border-radius-bottom-right:0px;--awb-border-radius-bottom-left:0px;--awb-padding-top:0px;--awb-padding-bottom:0px;--awb-background-color:#ededed;\" ><div class=\"fusion-builder-row fusion-row\"><div class=\"fusion-layout-column fusion_builder_column fusion-builder-column-0 fusion_builder_column_1_1 1_1 fusion-one-full fusion-column-first fusion-column-last\" style=\"--awb-padding-top:15px;--awb-bg-size:cover;\"><div class=\"fusion-column-wrapper fusion-flex-column-wrapper-legacy\"><div class=\"fusion-column-content-centered\"><div class=\"fusion-column-content\"><div class=\"fusion-text fusion-text-1\"><p><span class=\"titulo1\">QU\u00c9 HACEMOS<br \/>\n<\/span><\/p>\n<\/div><div class=\"fusion-text fusion-text-2\"><p><img decoding=\"async\" class=\"wp-image-1502 alignright\" src=\"https:\/\/antonioguillem.com\/wp-content\/uploads\/2017\/09\/Happy-students-and-friends-in-a-campus-1024x683.jpg\" alt=\"Happy students and friends in a campus\" width=\"653\" height=\"435\" srcset=\"http:\/\/antonioguillem.com\/wp-content\/uploads\/2017\/09\/Happy-students-and-friends-in-a-campus-200x133.jpg 200w, http:\/\/antonioguillem.com\/wp-content\/uploads\/2017\/09\/Happy-students-and-friends-in-a-campus-300x200.jpg 300w, http:\/\/antonioguillem.com\/wp-content\/uploads\/2017\/09\/Happy-students-and-friends-in-a-campus-400x267.jpg 400w, http:\/\/antonioguillem.com\/wp-content\/uploads\/2017\/09\/Happy-students-and-friends-in-a-campus-500x333.jpg 500w, http:\/\/antonioguillem.com\/wp-content\/uploads\/2017\/09\/Happy-students-and-friends-in-a-campus-600x400.jpg 600w, http:\/\/antonioguillem.com\/wp-content\/uploads\/2017\/09\/Happy-students-and-friends-in-a-campus-700x467.jpg 700w, http:\/\/antonioguillem.com\/wp-content\/uploads\/2017\/09\/Happy-students-and-friends-in-a-campus-768x512.jpg 768w, http:\/\/antonioguillem.com\/wp-content\/uploads\/2017\/09\/Happy-students-and-friends-in-a-campus-800x533.jpg 800w, http:\/\/antonioguillem.com\/wp-content\/uploads\/2017\/09\/Happy-students-and-friends-in-a-campus-1024x683.jpg 1024w, http:\/\/antonioguillem.com\/wp-content\/uploads\/2017\/09\/Happy-students-and-friends-in-a-campus-1200x800.jpg 1200w, http:\/\/antonioguillem.com\/wp-content\/uploads\/2017\/09\/Happy-students-and-friends-in-a-campus.jpg 1920w\" sizes=\"(max-width: 653px) 100vw, 653px\" \/><\/p>\n<p>En Antonio Guillem, nos dedicamos profesionalmente a la fotograf\u00eda publicitaria de stock desde 2012.<br \/>A d\u00eda de hoy, hemos creado algunas de las fotos de microstock m\u00e1s vendidas del mundo. Algunas de ellas con una enorme repercusi\u00f3n. Aunque no eres consciente, las ves constantemente en anuncios de todo tipo, tanto en web, redes sociales, revistas, prensa, carteles por la calle, o incluso tv.<\/p>\n<p>Cuando empezamos, sin tener ni idea fotograf\u00eda ni publicidad, tuvimos la suerte de conocer a Carla y Dario, que fueron nuestros modelos principales durante algo m\u00e1s de 5 a\u00f1os.<br \/>Gracias a ellos, aprendimos y crecimos hasta lo que somos hoy d\u00eda y tras haber vendido millones de fotos, sus caras han dado ya la vuelta al mundo y todos les hab\u00e9is visto en alg\u00fan anuncio al menos una vez.<br \/>Aunque ya no como modelos principales, ambos siguen formando parte de este proyecto.<\/p>\n<p>En esta modesta empresa que lleva el nombre del fot\u00f3grafo, trabajamos distintas personas creando contenido de stock de una forma nada convencional, y lo primero que nos diferencia del resto es que para nosotros, lo m\u00e1s importante son las personas.<\/p>\n<p>Aunque este trabajo, como todos, no siempre es maravilloso, trabajamos en y por algo que nos apasiona: La fotograf\u00eda y las personas.<br \/>Nos encanta compartir emociones e ilusiones, y eso ha sido y es, la clave de nuestro \u00e9xito, pero al mismo tiempo, se convierte en la motivaci\u00f3n necesaria para vencer cualquier dificultad hasta alcanzar nuestros objetivos.<\/p>\n<p>No destilamos glamour, no fotografiamos moda ni las \u00faltimas tendencias sociales. En Antonio Guillem fotografiamos personas siendo ellas mismas, y lo hacemos como nadie, de una forma divertida, emocionante y sorprendente y con mucha ilusi\u00f3n. De esta forma, hemos conseguido crear algunas de las fotos de stock m\u00e1s vendidas en el mundo.<\/p>\n<p>Tenemos un nuevo proyecto en marcha en el que queremos, desde el blog de esta web, contarte la verdad sobre c\u00f3mo trabajamos.<br \/>Queremos que conozcas a nuestros modelos a trav\u00e9s de nuestros v\u00eddeos de making of, y que disfrutes la experiencia de una sesi\u00f3n con ellos. Vamos a intentar transmitirte lo que hemos sentido haciendo nuestras sesiones.<\/p>\n<p>Nuestra particular forma de trabajar, los resultados obtenidos, y el ambiente que entre todos vamos creando, en el que<br \/>cada risa y cada momento inolvidable lo ha sido de verdad, son las cosas de las que nos sentimos especialmente orgullosos y que nos distinguen.<\/p>\n<p>Si lo que quieres es divertirte, ver c\u00f3mo nos divertimos y descubrir que se puede ser modelo de una forma totalmente diferente, disfrutando desde el primer minuto hasta el \u00faltimo, y consiguiendo im\u00e1genes de gran calidad, qu\u00e9date y disfruta con nosotros de nuestra gran pasi\u00f3n. S\u00e9 bienvenido\/a, y esperamos que te sientas como en casa.<\/p>\n<\/div><\/div><\/div><div class=\"fusion-clearfix\"><\/div><\/div><\/div><\/div><\/div><div class=\"fusion-fullwidth fullwidth-box fusion-builder-row-2 nonhundred-percent-fullwidth non-hundred-percent-height-scrolling\" style=\"--awb-border-radius-top-left:0px;--awb-border-radius-top-right:0px;--awb-border-radius-bottom-right:0px;--awb-border-radius-bottom-left:0px;--awb-padding-top:20px;--awb-padding-bottom:0px;--awb-background-color:#ededed;\" ><div class=\"fusion-builder-row fusion-row\"><div class=\"fusion-layout-column fusion_builder_column fusion-builder-column-1 fusion_builder_column_1_6 1_6 fusion-one-sixth fusion-column-first\" style=\"--awb-bg-size:cover;width:16.666666666667%;width:calc(16.666666666667% - ( ( 4% ) * 0.16666666666667 ) );margin-right: 4%;\"><div class=\"fusion-column-wrapper fusion-flex-column-wrapper-legacy\"><div class=\"fusion-text fusion-text-3\"><p><span class=\"titulo1\">NUESTROS N\u00daMEROS<br \/>\n<\/span><\/p>\n<\/div><div class=\"fusion-clearfix\"><\/div><\/div><\/div><div class=\"fusion-layout-column fusion_builder_column fusion-builder-column-2 fusion_builder_column_5_6 5_6 fusion-five-sixth fusion-column-last\" style=\"--awb-bg-size:cover;width:83.333333333333%;width:calc(83.333333333333% - ( ( 4% ) * 0.83333333333333 ) );\"><div class=\"fusion-column-wrapper fusion-flex-column-wrapper-legacy\"><div class=\"fusion-text fusion-text-4\"><p>Noviembre de 2012: 12 licencias vendidas en mi primer mes con 3$ de facturaci\u00f3n. 12 im\u00e1genes en l\u00ednea.<br \/>\nAbril de 2016: m\u00e1s de 35.000 licencias vendidas y m\u00e1s de 20.000 d\u00f3lares cada mes. 4500 im\u00e1genes en l\u00ednea.<br \/>\nDiciembre de 2016: m\u00e1s de 40.000 licencies vendidas al mes. 5000 im\u00e1genes en l\u00ednea.<br \/>\nMayo de 2017: m\u00e1s de 1.000.000 de licencias vendidas en total desde 2012.<\/p>\n<p>Agosto de 2017: puesto semanal del ranking mundial de fot\u00f3grafos con m\u00e1s ventas en Fotolia &#8211; 19.<\/p>\n<\/div><div class=\"accordian fusion-accordian\" style=\"--awb-border-size:1px;--awb-icon-size:16px;--awb-content-font-size:16px;--awb-icon-alignment:left;--awb-hover-color:#f9f9fb;--awb-border-color:#e2e2e2;--awb-background-color:#ffffff;--awb-divider-color:#e0dede;--awb-divider-hover-color:#e0dede;--awb-icon-color:#ffffff;--awb-title-color:#000000;--awb-content-color:#000000;--awb-icon-box-color:#333333;--awb-toggle-hover-accent-color:#000000;--awb-title-font-family:&quot;Lato&quot;;--awb-title-font-weight:700;--awb-title-font-style:normal;--awb-title-font-size:18px;--awb-content-font-family:&quot;Lato&quot;;--awb-content-font-style:normal;--awb-content-font-weight:300;\"><div class=\"panel-group fusion-toggle-icon-boxed\" id=\"accordion-3451-1\"><div class=\"fusion-panel panel-default panel-90462271b27ef7d2d fusion-toggle-no-divider\"><div class=\"panel-heading\"><h4 class=\"panel-title toggle\" id=\"toggle_90462271b27ef7d2d\"><a aria-expanded=\"false\" aria-controls=\"90462271b27ef7d2d\" role=\"button\" data-toggle=\"collapse\" data-parent=\"#accordion-3451-1\" data-target=\"#90462271b27ef7d2d\" href=\"#90462271b27ef7d2d\"><span class=\"fusion-toggle-icon-wrapper\" aria-hidden=\"true\"><i class=\"fa-fusion-box active-icon awb-icon-minus\" aria-hidden=\"true\"><\/i><i class=\"fa-fusion-box inactive-icon awb-icon-plus\" aria-hidden=\"true\"><\/i><\/span><span class=\"fusion-toggle-heading\">Continua leyendo...<\/span><\/a><\/h4><\/div><div id=\"90462271b27ef7d2d\" class=\"panel-collapse collapse \" araia-labelledby=\"toggle_90462271b27ef7d2d\"><div class=\"panel-body toggle-content fusion-clearfix\">\n<p><strong>Noviembre de 2012:<\/strong> 12 licencias vendidas en mi primer mes. 3 $ facturados. 12 im\u00e1genes en l\u00ednea.<br \/>\nEn octubre de 2012, sub\u00ed mis primeras im\u00e1genes a diferentes agencias y mis primeros ingresos mensuales fueron de 3$. Empec\u00e9 a trabajar yo solo y a tiempo completo en este negocio, durante 16 horas al d\u00eda, de lunes a domingo.<\/p>\n<p><strong>Abril de 2016:<\/strong> m\u00e1s de 35.000 licencias de im\u00e1genes vendidas cada mes. $20.000 facturados al mes. 4500 im\u00e1genes en l\u00ednea.<br \/>\nEn abril de 2016, 3 a\u00f1os y medio despu\u00e9s de haber empezado, segu\u00eda trabajando solo y vend\u00eda ya m\u00e1s de 1600 licencias cada d\u00eda con solo 4500 im\u00e1genes online.<br \/>\nLa rentabilidad media de cada foto subida era de m\u00e1s de 4 d\u00f3lares al mes.<\/p>\n<p><strong>Crecimiento de las ventas de 2012 a 2016:<\/strong><\/p>\n<p><a id=\"\" class=\"\" title=\"\" href=\"https:\/\/antonioguillem.com\/wp-content\/uploads\/2017\/09\/grafic_grow.jpg\" data-rel=\"prettyPhoto\"><img decoding=\"async\" src=\"https:\/\/antonioguillem.com\/wp-content\/uploads\/2017\/09\/grafic_grow-300x211.jpg\" alt=\"\" \/><\/a><\/p>\n<p><strong>Diciembre de 2016:<\/strong> m\u00e1s de 40.000 licencias vendidas al mes. 5000 im\u00e1genes en l\u00ednea.<br \/>\n2016 termin\u00f3 con m\u00e1s de 400.000 licencias vendidas en ese a\u00f1o y segu\u00eda trabajando solo.<\/p>\n<p><strong>Mayo de 2017:<\/strong> m\u00e1s de 1.000.000 de licencias totales vendidas.<br \/>\nDespu\u00e9s de 4 a\u00f1os y medio, hab\u00eda vendido m\u00e1s de 1.000.000 de licencias en todo el mundo.<\/p>\n<p><strong>Agosto de 2017:<\/strong> mejor ranking semanal en Fotolia de fot\u00f3grafos con m\u00e1s ventas &#8211; puesto 19.<br \/>\nFotolia tiene un ranking mundial de colaboradores basado en sus ventas. En el \u00faltimo a\u00f1o, hemos pasado de la posici\u00f3n n\u00famero 35 a ser el n\u00famero 19 mundial. \u00daltimamente, estamos entre la posici\u00f3n 19 y la 24, dependiendo de las ventas de cada semana.<\/p>\n<\/div><\/div><\/div><\/div><\/div><div class=\"fusion-clearfix\"><\/div><\/div><\/div><\/div><\/div><div class=\"fusion-fullwidth fullwidth-box fusion-builder-row-3 nonhundred-percent-fullwidth non-hundred-percent-height-scrolling\" style=\"--awb-border-radius-top-left:0px;--awb-border-radius-top-right:0px;--awb-border-radius-bottom-right:0px;--awb-border-radius-bottom-left:0px;--awb-padding-top:20px;--awb-padding-bottom:20px;\" ><div class=\"fusion-builder-row fusion-row\"><div class=\"fusion-layout-column fusion_builder_column fusion-builder-column-3 fusion_builder_column_1_1 1_1 fusion-one-full fusion-column-first fusion-column-last\" style=\"--awb-bg-size:cover;\"><div class=\"fusion-column-wrapper fusion-flex-column-wrapper-legacy\"><div class=\"fusion-text fusion-text-5\"><p><span class=\"titulo1\">NUESTRA HISTORIA<br \/>\n<\/span><\/p>\n<\/div><div class=\"fusion-clearfix\"><\/div><\/div><\/div><div class=\"fusion-layout-column fusion_builder_column fusion-builder-column-4 fusion_builder_column_1_6 1_6 fusion-one-sixth fusion-column-first\" style=\"--awb-bg-size:cover;width:16.666666666667%;width:calc(16.666666666667% - ( ( 4% ) * 0.16666666666667 ) );margin-right: 4%;\"><div class=\"fusion-column-wrapper fusion-flex-column-wrapper-legacy\"><div class=\"fusion-image-element in-legacy-container\"><span class=\" fusion-imageframe imageframe-none imageframe-1 hover-type-none\"><img decoding=\"async\" width=\"1024\" height=\"683\" title=\"Girl smiling with perfect smile and white teeth\" src=\"https:\/\/antonioguillem.com\/wp-content\/uploads\/2017\/08\/Pretty-woman-smiling-with-perfect-smile-and-white-teeth-1-1024x683.jpg\" alt class=\"img-responsive wp-image-1497\" srcset=\"http:\/\/antonioguillem.com\/wp-content\/uploads\/2017\/08\/Pretty-woman-smiling-with-perfect-smile-and-white-teeth-1-200x133.jpg 200w, http:\/\/antonioguillem.com\/wp-content\/uploads\/2017\/08\/Pretty-woman-smiling-with-perfect-smile-and-white-teeth-1-400x267.jpg 400w, http:\/\/antonioguillem.com\/wp-content\/uploads\/2017\/08\/Pretty-woman-smiling-with-perfect-smile-and-white-teeth-1-600x400.jpg 600w, http:\/\/antonioguillem.com\/wp-content\/uploads\/2017\/08\/Pretty-woman-smiling-with-perfect-smile-and-white-teeth-1-800x533.jpg 800w, http:\/\/antonioguillem.com\/wp-content\/uploads\/2017\/08\/Pretty-woman-smiling-with-perfect-smile-and-white-teeth-1-1200x800.jpg 1200w, http:\/\/antonioguillem.com\/wp-content\/uploads\/2017\/08\/Pretty-woman-smiling-with-perfect-smile-and-white-teeth-1.jpg 1920w\" sizes=\"(max-width: 800px) 100vw, 400px\" \/><\/span><\/div><div class=\"fusion-sep-clear\"><\/div><div class=\"fusion-separator fusion-full-width-sep\" style=\"margin-left: auto;margin-right: auto;margin-top:20px;width:100%;\"><\/div><div class=\"fusion-sep-clear\"><\/div><div class=\"fusion-image-element in-legacy-container\"><span class=\" fusion-imageframe imageframe-none imageframe-2 hover-type-none\"><img decoding=\"async\" width=\"1024\" height=\"683\" title=\"Businessman walking and texting on phone\" src=\"https:\/\/antonioguillem.com\/wp-content\/uploads\/2017\/09\/Businessman-walking-and-texting-on-phone-1024x683.jpg\" alt class=\"img-responsive wp-image-1500\" srcset=\"http:\/\/antonioguillem.com\/wp-content\/uploads\/2017\/09\/Businessman-walking-and-texting-on-phone-200x133.jpg 200w, http:\/\/antonioguillem.com\/wp-content\/uploads\/2017\/09\/Businessman-walking-and-texting-on-phone-400x267.jpg 400w, http:\/\/antonioguillem.com\/wp-content\/uploads\/2017\/09\/Businessman-walking-and-texting-on-phone-600x400.jpg 600w, http:\/\/antonioguillem.com\/wp-content\/uploads\/2017\/09\/Businessman-walking-and-texting-on-phone-800x533.jpg 800w, http:\/\/antonioguillem.com\/wp-content\/uploads\/2017\/09\/Businessman-walking-and-texting-on-phone-1200x800.jpg 1200w, http:\/\/antonioguillem.com\/wp-content\/uploads\/2017\/09\/Businessman-walking-and-texting-on-phone.jpg 1920w\" sizes=\"(max-width: 800px) 100vw, 400px\" \/><\/span><\/div><div class=\"fusion-clearfix\"><\/div><\/div><\/div><div class=\"fusion-layout-column fusion_builder_column fusion-builder-column-5 fusion_builder_column_5_6 5_6 fusion-five-sixth fusion-column-last\" style=\"--awb-bg-size:cover;width:83.333333333333%;width:calc(83.333333333333% - ( ( 4% ) * 0.83333333333333 ) );\"><div class=\"fusion-column-wrapper fusion-flex-column-wrapper-legacy\"><div class=\"fusion-text fusion-text-6\"><p>Empec\u00e9 en esto yo solo y por recomendaci\u00f3n, a finales de 2012, sin saber nada de publicidad, teniendo escasas nociones de fotograf\u00eda, y ni idea de lo que era el microstock ni nada que tuviera que ver con ello.<\/p>\n<p>Me apunt\u00e9 a varias agencias de microstock, las m\u00e1s importantes, sub\u00ed 15 fotos y tras un mes, vend\u00ed 3$. Fue suficiente para descubrir el potencial que este negocio ten\u00eda y apost\u00e9 todo por el proyecto. Empec\u00e9 sin presupuesto, haciendo fotos sobre fondo blanco con una tela en el sal\u00f3n de casa y durante los primeros 3 a\u00f1os y medio, dediqu\u00e9 16 horas diarias, de lunes a domingo, a aprender todo lo posible, y levantar el negocio trabajando solo.<\/p>\n<p>El inicio fue muy duro, siempre bas\u00e1ndome m\u00e1s en el aprendizaje que en las ventas. Tras el primer a\u00f1o, segu\u00eda sin poder vivir de ello, pero ya hab\u00edamos empezado a hacer sesiones de exterior. Todo cambi\u00f3 durante el segundo a\u00f1o, al poner en practica lo aprendido y el crecimiento se dispar\u00f3.<br \/>\nTras 3 a\u00f1os y medio, segu\u00eda trabajando solo y ya vend\u00eda unas 1600 im\u00e1genes diarias con solo 4500 fotos en venta.<\/p>\n<p>En 2015, montamos el primer estudio y empezamos a trabajar con interiores de calidad en diferentes decorados de hogar, oficina, restaurantes, etc. junto a algunos viajes. Durante 2015, las ventas se incrementaron un 250%.<\/p>\n<p>En 2016, montamos el segundo estudio, porque el primero se nos estaba quedando peque\u00f1o.<\/p>\n<p>Desde entonces hasta hoy, mantenemos un alto volumen de ventas en todo el mundo, tanto de fotos como de v\u00eddeos.<\/p>\n<\/div><div class=\"fusion-clearfix\"><\/div><\/div><\/div><\/div><\/div>\n","protected":false},"excerpt":{"rendered":"","protected":false},"author":2,"featured_media":0,"parent":0,"menu_order":0,"comment_status":"closed","ping_status":"closed","template":"100-width.php","meta":{"footnotes":""},"class_list":["post-3451","page","type-page","status-publish","hentry"],"acf":[],"yoast_head":"<!-- This site is optimized with the Yoast SEO plugin v19.14 - https:\/\/yoast.com\/wordpress\/plugins\/seo\/ -->\n<title>SOBRE NOSOTROS - Antonio Guillem - Microstock Photography<\/title>\n<meta name=\"description\" content=\"Antonio Guillem is a microstock photography studio. Here you can know more about our story, statistics, growth and photography equipment.\" \/>\n<meta name=\"robots\" content=\"index, follow, max-snippet:-1, max-image-preview:large, max-video-preview:-1\" \/>\n<link rel=\"canonical\" href=\"http:\/\/antonioguillem.com\/es\/sobre-nosotros\/\" \/>\n<meta property=\"og:locale\" content=\"es_ES\" \/>\n<meta property=\"og:type\" content=\"article\" \/>\n<meta property=\"og:title\" content=\"SOBRE NOSOTROS - Antonio Guillem - Microstock Photography\" \/>\n<meta property=\"og:description\" content=\"Antonio Guillem is a microstock photography studio. Here you can know more about our story, statistics, growth and photography equipment.\" \/>\n<meta property=\"og:url\" content=\"http:\/\/antonioguillem.com\/es\/sobre-nosotros\/\" \/>\n<meta property=\"og:site_name\" content=\"Antonio Guillem - Microstock Photography\" \/>\n<meta property=\"article:modified_time\" content=\"2025-09-15T11:27:52+00:00\" \/>\n<meta property=\"og:image\" content=\"https:\/\/antonioguillem.com\/wp-content\/uploads\/2017\/09\/Happy-students-and-friends-in-a-campus-1024x683.jpg\" \/>\n<meta name=\"twitter:card\" content=\"summary_large_image\" \/>\n<meta name=\"twitter:label1\" content=\"Tiempo de lectura\" \/>\n\t<meta name=\"twitter:data1\" content=\"31 minutos\" \/>\n<script type=\"application\/ld+json\" class=\"yoast-schema-graph\">{\"@context\":\"https:\/\/schema.org\",\"@graph\":[{\"@type\":\"WebPage\",\"@id\":\"http:\/\/antonioguillem.com\/es\/sobre-nosotros\/\",\"url\":\"http:\/\/antonioguillem.com\/es\/sobre-nosotros\/\",\"name\":\"SOBRE NOSOTROS - Antonio Guillem - Microstock Photography\",\"isPartOf\":{\"@id\":\"https:\/\/antonioguillem.com\/es\/#website\"},\"datePublished\":\"2017-08-28T07:50:45+00:00\",\"dateModified\":\"2025-09-15T11:27:52+00:00\",\"description\":\"Antonio Guillem is a microstock photography studio. Here you can know more about our story, statistics, growth and photography equipment.\",\"breadcrumb\":{\"@id\":\"http:\/\/antonioguillem.com\/es\/sobre-nosotros\/#breadcrumb\"},\"inLanguage\":\"es\",\"potentialAction\":[{\"@type\":\"ReadAction\",\"target\":[\"http:\/\/antonioguillem.com\/es\/sobre-nosotros\/\"]}]},{\"@type\":\"BreadcrumbList\",\"@id\":\"http:\/\/antonioguillem.com\/es\/sobre-nosotros\/#breadcrumb\",\"itemListElement\":[{\"@type\":\"ListItem\",\"position\":1,\"name\":\"Home\",\"item\":\"https:\/\/antonioguillem.com\/es\/\"},{\"@type\":\"ListItem\",\"position\":2,\"name\":\"SOBRE NOSOTROS\"}]},{\"@type\":\"WebSite\",\"@id\":\"https:\/\/antonioguillem.com\/es\/#website\",\"url\":\"https:\/\/antonioguillem.com\/es\/\",\"name\":\"Antonio Guillem - Microstock Photography\",\"description\":\"Microstock Photographer\",\"potentialAction\":[{\"@type\":\"SearchAction\",\"target\":{\"@type\":\"EntryPoint\",\"urlTemplate\":\"https:\/\/antonioguillem.com\/es\/?s={search_term_string}\"},\"query-input\":\"required name=search_term_string\"}],\"inLanguage\":\"es\"}]}<\/script>\n<!-- \/ Yoast SEO plugin. -->","yoast_head_json":{"title":"SOBRE NOSOTROS - Antonio Guillem - Microstock Photography","description":"Antonio Guillem is a microstock photography studio. Here you can know more about our story, statistics, growth and photography equipment.","robots":{"index":"index","follow":"follow","max-snippet":"max-snippet:-1","max-image-preview":"max-image-preview:large","max-video-preview":"max-video-preview:-1"},"canonical":"http:\/\/antonioguillem.com\/es\/sobre-nosotros\/","og_locale":"es_ES","og_type":"article","og_title":"SOBRE NOSOTROS - Antonio Guillem - Microstock Photography","og_description":"Antonio Guillem is a microstock photography studio. Here you can know more about our story, statistics, growth and photography equipment.","og_url":"http:\/\/antonioguillem.com\/es\/sobre-nosotros\/","og_site_name":"Antonio Guillem - Microstock Photography","article_modified_time":"2025-09-15T11:27:52+00:00","og_image":[{"url":"https:\/\/antonioguillem.com\/wp-content\/uploads\/2017\/09\/Happy-students-and-friends-in-a-campus-1024x683.jpg"}],"twitter_card":"summary_large_image","twitter_misc":{"Tiempo de lectura":"31 minutos"},"schema":{"@context":"https:\/\/schema.org","@graph":[{"@type":"WebPage","@id":"http:\/\/antonioguillem.com\/es\/sobre-nosotros\/","url":"http:\/\/antonioguillem.com\/es\/sobre-nosotros\/","name":"SOBRE NOSOTROS - Antonio Guillem - Microstock Photography","isPartOf":{"@id":"https:\/\/antonioguillem.com\/es\/#website"},"datePublished":"2017-08-28T07:50:45+00:00","dateModified":"2025-09-15T11:27:52+00:00","description":"Antonio Guillem is a microstock photography studio. Here you can know more about our story, statistics, growth and photography equipment.","breadcrumb":{"@id":"http:\/\/antonioguillem.com\/es\/sobre-nosotros\/#breadcrumb"},"inLanguage":"es","potentialAction":[{"@type":"ReadAction","target":["http:\/\/antonioguillem.com\/es\/sobre-nosotros\/"]}]},{"@type":"BreadcrumbList","@id":"http:\/\/antonioguillem.com\/es\/sobre-nosotros\/#breadcrumb","itemListElement":[{"@type":"ListItem","position":1,"name":"Home","item":"https:\/\/antonioguillem.com\/es\/"},{"@type":"ListItem","position":2,"name":"SOBRE NOSOTROS"}]},{"@type":"WebSite","@id":"https:\/\/antonioguillem.com\/es\/#website","url":"https:\/\/antonioguillem.com\/es\/","name":"Antonio Guillem - Microstock Photography","description":"Microstock Photographer","potentialAction":[{"@type":"SearchAction","target":{"@type":"EntryPoint","urlTemplate":"https:\/\/antonioguillem.com\/es\/?s={search_term_string}"},"query-input":"required name=search_term_string"}],"inLanguage":"es"}]}},"_links":{"self":[{"href":"http:\/\/antonioguillem.com\/es\/wp-json\/wp\/v2\/pages\/3451","targetHints":{"allow":["GET"]}}],"collection":[{"href":"http:\/\/antonioguillem.com\/es\/wp-json\/wp\/v2\/pages"}],"about":[{"href":"http:\/\/antonioguillem.com\/es\/wp-json\/wp\/v2\/types\/page"}],"author":[{"embeddable":true,"href":"http:\/\/antonioguillem.com\/es\/wp-json\/wp\/v2\/users\/2"}],"replies":[{"embeddable":true,"href":"http:\/\/antonioguillem.com\/es\/wp-json\/wp\/v2\/comments?post=3451"}],"version-history":[{"count":33,"href":"http:\/\/antonioguillem.com\/es\/wp-json\/wp\/v2\/pages\/3451\/revisions"}],"predecessor-version":[{"id":11878,"href":"http:\/\/antonioguillem.com\/es\/wp-json\/wp\/v2\/pages\/3451\/revisions\/11878"}],"wp:attachment":[{"href":"http:\/\/antonioguillem.com\/es\/wp-json\/wp\/v2\/media?parent=3451"}],"curies":[{"name":"wp","href":"https:\/\/api.w.org\/{rel}","templated":true}]}}