{"id":4577,"date":"2017-08-28T10:39:21","date_gmt":"2017-08-28T10:39:21","guid":{"rendered":"https:\/\/antonioguillem.com\/behind-the-scenes\/"},"modified":"2021-11-23T15:35:43","modified_gmt":"2021-11-23T15:35:43","slug":"behind-the-scenes","status":"publish","type":"page","link":"http:\/\/antonioguillem.com\/es\/behind-the-scenes\/","title":{"rendered":"Entre bastidores"},"content":{"rendered":"<div class=\"fusion-fullwidth fullwidth-box fusion-builder-row-1 nonhundred-percent-fullwidth non-hundred-percent-height-scrolling\" style=\"--awb-border-radius-top-left:0px;--awb-border-radius-top-right:0px;--awb-border-radius-bottom-right:0px;--awb-border-radius-bottom-left:0px;--awb-padding-top:20px;--awb-padding-bottom:0px;\" ><div class=\"fusion-builder-row fusion-row\"><div class=\"fusion-layout-column fusion_builder_column fusion-builder-column-0 fusion_builder_column_1_1 1_1 fusion-one-full fusion-column-first fusion-column-last\" style=\"--awb-bg-size:cover;\"><div class=\"fusion-column-wrapper fusion-flex-column-wrapper-legacy\"><div class=\"fusion-text fusion-text-1\"><p><span class=\"titulo1\">BEHIND THE SCENES<\/span><\/p>\n<\/div><div class=\"fusion-clearfix\"><\/div><\/div><\/div><\/div><\/div><div class=\"fusion-fullwidth fullwidth-box fusion-builder-row-2 nonhundred-percent-fullwidth non-hundred-percent-height-scrolling\" style=\"--awb-border-radius-top-left:0px;--awb-border-radius-top-right:0px;--awb-border-radius-bottom-right:0px;--awb-border-radius-bottom-left:0px;--awb-padding-top:0px;--awb-padding-bottom:20px;\" ><div class=\"fusion-builder-row fusion-row\"><div class=\"fusion-layout-column fusion_builder_column fusion-builder-column-1 fusion_builder_column_1_1 1_1 fusion-one-full fusion-column-first fusion-column-last\" style=\"--awb-padding-top:50px;--awb-bg-size:cover;\"><div class=\"fusion-column-wrapper fusion-flex-column-wrapper-legacy\"><div class=\"fusion-recent-posts fusion-recent-posts-1 avada-container layout-default layout-columns-3\"><section class=\"fusion-columns columns fusion-columns-3 columns-3\"><article class=\"post fusion-column column col col-lg-4 col-md-4 col-sm-4\"><div class=\"fusion-flexslider fusion-flexslider-loading flexslider flexslider-hover-type-none\"><ul class=\"slides\"><li><a href=\"http:\/\/antonioguillem.com\/es\/aqui-viene-el-tranvia\/\" aria-label=\"\u00a1Aqu\u00ed viene el tranv\u00eda!\" class=\"hover-type-none\"><img decoding=\"async\" width=\"700\" height=\"441\" src=\"http:\/\/antonioguillem.com\/wp-content\/uploads\/2016\/02\/11-5-1-700x441.jpg\" class=\"attachment-recent-posts size-recent-posts\" alt=\"\" srcset=\"http:\/\/antonioguillem.com\/wp-content\/uploads\/2016\/02\/11-5-1-320x202.jpg 320w, http:\/\/antonioguillem.com\/wp-content\/uploads\/2016\/02\/11-5-1-700x441.jpg 700w\" sizes=\"(max-width: 700px) 100vw, 700px\" \/><\/a><\/li><\/ul><\/div><div class=\"recent-posts-content\"><span class=\"vcard\" style=\"display: none;\"><span class=\"fn\"><a href=\"http:\/\/antonioguillem.com\/es\/author\/alpha\/\" title=\"Entradas de Antonio Guillem Team\" rel=\"author\">Antonio Guillem Team<\/a><\/span><\/span><span class=\"updated\" style=\"display:none;\">2022-04-08T18:19:34+00:00<\/span><h4 class=\"entry-title\"><a href=\"http:\/\/antonioguillem.com\/es\/aqui-viene-el-tranvia\/\">\u00a1Aqu\u00ed viene el tranv\u00eda!<\/a><\/h4><p class=\"meta\"><span class=\"vcard\" style=\"display: none;\"><span class=\"fn\"><a href=\"http:\/\/antonioguillem.com\/es\/author\/alpha\/\" title=\"Entradas de Antonio Guillem Team\" rel=\"author\">Antonio Guillem Team<\/a><\/span><\/span><span class=\"updated\" style=\"display:none;\">2022-04-08T18:19:34+00:00<\/span><span>21\/02\/2016<\/span><span class=\"fusion-inline-sep\">|<\/span><span class=\"fusion-comments\"><a href=\"http:\/\/antonioguillem.com\/es\/aqui-viene-el-tranvia\/#respond\">0 Comentarios<\/a><\/span><\/p><p>A veces hay fotos que implican una dificultad a\u00f1adida como es el caso de \u00e9sta. El tranv\u00eda amarillo, que era el que nos gustaba para la foto, pasaba cada 20-30 minutos, as\u00ed que mientras est\u00e1bamos [...]<\/p><\/div><\/article><article class=\"post fusion-column column col col-lg-4 col-md-4 col-sm-4\"><div class=\"fusion-flexslider fusion-flexslider-loading flexslider flexslider-hover-type-none\"><ul class=\"slides\"><li><a href=\"http:\/\/antonioguillem.com\/es\/a-veces-a-la-segunda-sale-mejor\/\" aria-label=\"A veces, a la segunda sale mejor\" class=\"hover-type-none\"><img decoding=\"async\" width=\"700\" height=\"441\" src=\"http:\/\/antonioguillem.com\/wp-content\/uploads\/2015\/08\/12-5-1-700x441.jpg\" class=\"attachment-recent-posts size-recent-posts\" alt=\"\" srcset=\"http:\/\/antonioguillem.com\/wp-content\/uploads\/2015\/08\/12-5-1-320x202.jpg 320w, http:\/\/antonioguillem.com\/wp-content\/uploads\/2015\/08\/12-5-1-700x441.jpg 700w\" sizes=\"(max-width: 700px) 100vw, 700px\" \/><\/a><\/li><\/ul><\/div><div class=\"recent-posts-content\"><span class=\"vcard\" style=\"display: none;\"><span class=\"fn\"><a href=\"http:\/\/antonioguillem.com\/es\/author\/alpha\/\" title=\"Entradas de Antonio Guillem Team\" rel=\"author\">Antonio Guillem Team<\/a><\/span><\/span><span class=\"updated\" style=\"display:none;\">2022-04-08T18:16:42+00:00<\/span><h4 class=\"entry-title\"><a href=\"http:\/\/antonioguillem.com\/es\/a-veces-a-la-segunda-sale-mejor\/\">A veces, a la segunda sale mejor<\/a><\/h4><p class=\"meta\"><span class=\"vcard\" style=\"display: none;\"><span class=\"fn\"><a href=\"http:\/\/antonioguillem.com\/es\/author\/alpha\/\" title=\"Entradas de Antonio Guillem Team\" rel=\"author\">Antonio Guillem Team<\/a><\/span><\/span><span class=\"updated\" style=\"display:none;\">2022-04-08T18:16:42+00:00<\/span><span>07\/08\/2015<\/span><span class=\"fusion-inline-sep\">|<\/span><span class=\"fusion-comments\"><a href=\"http:\/\/antonioguillem.com\/es\/a-veces-a-la-segunda-sale-mejor\/#respond\">0 Comentarios<\/a><\/span><\/p><p>Despu\u00e9s de ver el \u00e9xito de la primera versi\u00f3n de mi retrato, que result\u00f3 ser un excelente reclamo para los dentistas, hemos estado probando diferentes maneras de mejorar esa imagen. Y este fue el mejor [...]<\/p><\/div><\/article><article class=\"post fusion-column column col col-lg-4 col-md-4 col-sm-4\"><div class=\"fusion-flexslider fusion-flexslider-loading flexslider flexslider-hover-type-none\"><ul class=\"slides\"><li><a href=\"http:\/\/antonioguillem.com\/es\/asumir-nuevos-riesgos\/\" aria-label=\"Asumir nuevos riesgos\" class=\"hover-type-none\"><img decoding=\"async\" width=\"700\" height=\"441\" src=\"http:\/\/antonioguillem.com\/wp-content\/uploads\/2015\/07\/8-5-1-700x441.jpg\" class=\"attachment-recent-posts size-recent-posts\" alt=\"\" srcset=\"http:\/\/antonioguillem.com\/wp-content\/uploads\/2015\/07\/8-5-1-320x202.jpg 320w, http:\/\/antonioguillem.com\/wp-content\/uploads\/2015\/07\/8-5-1-700x441.jpg 700w\" sizes=\"(max-width: 700px) 100vw, 700px\" \/><\/a><\/li><\/ul><\/div><div class=\"recent-posts-content\"><span class=\"vcard\" style=\"display: none;\"><span class=\"fn\"><a href=\"http:\/\/antonioguillem.com\/es\/author\/alpha\/\" title=\"Entradas de Antonio Guillem Team\" rel=\"author\">Antonio Guillem Team<\/a><\/span><\/span><span class=\"updated\" style=\"display:none;\">2022-04-08T16:43:25+00:00<\/span><h4 class=\"entry-title\"><a href=\"http:\/\/antonioguillem.com\/es\/asumir-nuevos-riesgos\/\">Asumir nuevos riesgos<\/a><\/h4><p class=\"meta\"><span class=\"vcard\" style=\"display: none;\"><span class=\"fn\"><a href=\"http:\/\/antonioguillem.com\/es\/author\/alpha\/\" title=\"Entradas de Antonio Guillem Team\" rel=\"author\">Antonio Guillem Team<\/a><\/span><\/span><span class=\"updated\" style=\"display:none;\">2022-04-08T16:43:25+00:00<\/span><span>02\/07\/2015<\/span><span class=\"fusion-inline-sep\">|<\/span><span class=\"fusion-comments\"><a href=\"http:\/\/antonioguillem.com\/es\/asumir-nuevos-riesgos\/#respond\">0 Comentarios<\/a><\/span><\/p><p>En ocasiones, habiendo conseguido ya una notable facturaci\u00f3n y yendo muy bien econ\u00f3micamente, a veces pruebo cosas nuevas o nuevas formas de transmitir un concepto. El concepto de problemas de pareja, que durante mucho tiempo [...]<\/p><\/div><\/article><article class=\"post fusion-column column col col-lg-4 col-md-4 col-sm-4\"><div class=\"fusion-flexslider fusion-flexslider-loading flexslider flexslider-hover-type-none\"><ul class=\"slides\"><li><a href=\"http:\/\/antonioguillem.com\/es\/columpiandose-en-la-playa\/\" aria-label=\"Columpi\u00e1ndose en la playa\" class=\"hover-type-none\"><img decoding=\"async\" width=\"700\" height=\"441\" src=\"http:\/\/antonioguillem.com\/wp-content\/uploads\/2015\/02\/7-1-1-700x441.jpg\" class=\"attachment-recent-posts size-recent-posts\" alt=\"\" srcset=\"http:\/\/antonioguillem.com\/wp-content\/uploads\/2015\/02\/7-1-1-320x202.jpg 320w, http:\/\/antonioguillem.com\/wp-content\/uploads\/2015\/02\/7-1-1-700x441.jpg 700w\" sizes=\"(max-width: 700px) 100vw, 700px\" \/><\/a><\/li><\/ul><\/div><div class=\"recent-posts-content\"><span class=\"vcard\" style=\"display: none;\"><span class=\"fn\"><a href=\"http:\/\/antonioguillem.com\/es\/author\/alpha\/\" title=\"Entradas de Antonio Guillem Team\" rel=\"author\">Antonio Guillem Team<\/a><\/span><\/span><span class=\"updated\" style=\"display:none;\">2022-04-08T16:52:11+00:00<\/span><h4 class=\"entry-title\"><a href=\"http:\/\/antonioguillem.com\/es\/columpiandose-en-la-playa\/\">Columpi\u00e1ndose en la playa<\/a><\/h4><p class=\"meta\"><span class=\"vcard\" style=\"display: none;\"><span class=\"fn\"><a href=\"http:\/\/antonioguillem.com\/es\/author\/alpha\/\" title=\"Entradas de Antonio Guillem Team\" rel=\"author\">Antonio Guillem Team<\/a><\/span><\/span><span class=\"updated\" style=\"display:none;\">2022-04-08T16:52:11+00:00<\/span><span>02\/02\/2015<\/span><span class=\"fusion-inline-sep\">|<\/span><span class=\"fusion-comments\"><a href=\"http:\/\/antonioguillem.com\/es\/columpiandose-en-la-playa\/#respond\">0 Comentarios<\/a><\/span><\/p><p>Una de las modelos con las que trabajamos durante un corto periodo y que aunque desgraciadamente decidi\u00f3 no continuar, dej\u00f3 muy buenas fotos y muy buenos recuerdos, es la protagonista de esta foto. En unas [...]<\/p><\/div><\/article><article class=\"post fusion-column column col col-lg-4 col-md-4 col-sm-4\"><div class=\"fusion-flexslider fusion-flexslider-loading flexslider flexslider-hover-type-none\"><ul class=\"slides\"><li><a href=\"http:\/\/antonioguillem.com\/es\/nuestra-primera-sonrisa\/\" aria-label=\"Nuestra primera sonrisa\" class=\"hover-type-none\"><img decoding=\"async\" width=\"700\" height=\"441\" src=\"http:\/\/antonioguillem.com\/wp-content\/uploads\/2014\/12\/2-5-700x441.jpg\" class=\"attachment-recent-posts size-recent-posts\" alt=\"\" srcset=\"http:\/\/antonioguillem.com\/wp-content\/uploads\/2014\/12\/2-5-320x202.jpg 320w, http:\/\/antonioguillem.com\/wp-content\/uploads\/2014\/12\/2-5-700x441.jpg 700w\" sizes=\"(max-width: 700px) 100vw, 700px\" \/><\/a><\/li><\/ul><\/div><div class=\"recent-posts-content\"><span class=\"vcard\" style=\"display: none;\"><span class=\"fn\"><a href=\"http:\/\/antonioguillem.com\/es\/author\/alpha\/\" title=\"Entradas de Antonio Guillem Team\" rel=\"author\">Antonio Guillem Team<\/a><\/span><\/span><span class=\"updated\" style=\"display:none;\">2022-04-08T16:53:45+00:00<\/span><h4 class=\"entry-title\"><a href=\"http:\/\/antonioguillem.com\/es\/nuestra-primera-sonrisa\/\">Nuestra primera sonrisa<\/a><\/h4><p class=\"meta\"><span class=\"vcard\" style=\"display: none;\"><span class=\"fn\"><a href=\"http:\/\/antonioguillem.com\/es\/author\/alpha\/\" title=\"Entradas de Antonio Guillem Team\" rel=\"author\">Antonio Guillem Team<\/a><\/span><\/span><span class=\"updated\" style=\"display:none;\">2022-04-08T16:53:45+00:00<\/span><span>11\/12\/2014<\/span><span class=\"fusion-inline-sep\">|<\/span><span class=\"fusion-comments\"><a href=\"http:\/\/antonioguillem.com\/es\/nuestra-primera-sonrisa\/#respond\">0 Comentarios<\/a><\/span><\/p><p>Carla: Esta foto m\u00eda marc\u00f3 un antes y un despu\u00e9s en la forma de enfocar las sesiones por parte de Toni, debido al \u00e9xito que tuvo. Se coloc\u00f3 en pocos meses en la primera p\u00e1gina [...]<\/p><\/div><\/article><article class=\"post fusion-column column col col-lg-4 col-md-4 col-sm-4\"><div class=\"fusion-flexslider fusion-flexslider-loading flexslider flexslider-hover-type-none\"><ul class=\"slides\"><li><a href=\"http:\/\/antonioguillem.com\/es\/sexo-en-mallorca\/\" aria-label=\"Sexo en Mallorca\" class=\"hover-type-none\"><img decoding=\"async\" width=\"700\" height=\"441\" src=\"http:\/\/antonioguillem.com\/wp-content\/uploads\/2014\/01\/6-5-1-700x441.jpg\" class=\"attachment-recent-posts size-recent-posts\" alt=\"\" srcset=\"http:\/\/antonioguillem.com\/wp-content\/uploads\/2014\/01\/6-5-1-320x202.jpg 320w, http:\/\/antonioguillem.com\/wp-content\/uploads\/2014\/01\/6-5-1-700x441.jpg 700w\" sizes=\"(max-width: 700px) 100vw, 700px\" \/><\/a><\/li><\/ul><\/div><div class=\"recent-posts-content\"><span class=\"vcard\" style=\"display: none;\"><span class=\"fn\"><a href=\"http:\/\/antonioguillem.com\/es\/author\/alpha\/\" title=\"Entradas de Antonio Guillem Team\" rel=\"author\">Antonio Guillem Team<\/a><\/span><\/span><span class=\"updated\" style=\"display:none;\">2022-04-08T16:56:58+00:00<\/span><h4 class=\"entry-title\"><a href=\"http:\/\/antonioguillem.com\/es\/sexo-en-mallorca\/\">Sexo en Mallorca<\/a><\/h4><p class=\"meta\"><span class=\"vcard\" style=\"display: none;\"><span class=\"fn\"><a href=\"http:\/\/antonioguillem.com\/es\/author\/alpha\/\" title=\"Entradas de Antonio Guillem Team\" rel=\"author\">Antonio Guillem Team<\/a><\/span><\/span><span class=\"updated\" style=\"display:none;\">2022-04-08T16:56:58+00:00<\/span><span>27\/01\/2014<\/span><span class=\"fusion-inline-sep\">|<\/span><span class=\"fusion-comments\"><a href=\"http:\/\/antonioguillem.com\/es\/sexo-en-mallorca\/#respond\">0 Comentarios<\/a><\/span><\/p><p>Mallorca no nos quiere (jajaja), como se ha demostrado en los tres viajes plagados de dificultades que hemos hecho hasta ahora. En el \u00faltimo llovi\u00f3 tanto y tantos d\u00edas que tuvimos que hacer dos de [...]<\/p><\/div><\/article><\/section><\/div><div class=\"fusion-clearfix\"><\/div><\/div><\/div><\/div><\/div>\n","protected":false},"excerpt":{"rendered":"","protected":false},"author":1,"featured_media":0,"parent":0,"menu_order":0,"comment_status":"closed","ping_status":"closed","template":"100-width.php","meta":{"footnotes":""},"class_list":["post-4577","page","type-page","status-publish","hentry"],"acf":[],"yoast_head":"<!-- This site is optimized with the Yoast SEO plugin v19.14 - https:\/\/yoast.com\/wordpress\/plugins\/seo\/ -->\n<title>Entre bastidores - Antonio Guillem - Microstock Photography<\/title>\n<meta name=\"robots\" content=\"index, follow, max-snippet:-1, max-image-preview:large, max-video-preview:-1\" \/>\n<link rel=\"canonical\" href=\"http:\/\/antonioguillem.com\/es\/behind-the-scenes\/\" \/>\n<meta property=\"og:locale\" content=\"es_ES\" \/>\n<meta property=\"og:type\" content=\"article\" \/>\n<meta property=\"og:title\" content=\"Entre bastidores - Antonio Guillem - Microstock Photography\" \/>\n<meta property=\"og:url\" content=\"http:\/\/antonioguillem.com\/es\/behind-the-scenes\/\" \/>\n<meta property=\"og:site_name\" content=\"Antonio Guillem - Microstock Photography\" \/>\n<meta property=\"article:modified_time\" content=\"2021-11-23T15:35:43+00:00\" \/>\n<meta name=\"twitter:card\" content=\"summary_large_image\" \/>\n<meta name=\"twitter:label1\" content=\"Tiempo de lectura\" \/>\n\t<meta name=\"twitter:data1\" content=\"2 minutos\" \/>\n<script type=\"application\/ld+json\" class=\"yoast-schema-graph\">{\"@context\":\"https:\/\/schema.org\",\"@graph\":[{\"@type\":\"WebPage\",\"@id\":\"http:\/\/antonioguillem.com\/es\/behind-the-scenes\/\",\"url\":\"http:\/\/antonioguillem.com\/es\/behind-the-scenes\/\",\"name\":\"Entre bastidores - Antonio Guillem - Microstock Photography\",\"isPartOf\":{\"@id\":\"https:\/\/antonioguillem.com\/es\/#website\"},\"datePublished\":\"2017-08-28T10:39:21+00:00\",\"dateModified\":\"2021-11-23T15:35:43+00:00\",\"breadcrumb\":{\"@id\":\"http:\/\/antonioguillem.com\/es\/behind-the-scenes\/#breadcrumb\"},\"inLanguage\":\"es\",\"potentialAction\":[{\"@type\":\"ReadAction\",\"target\":[\"http:\/\/antonioguillem.com\/es\/behind-the-scenes\/\"]}]},{\"@type\":\"BreadcrumbList\",\"@id\":\"http:\/\/antonioguillem.com\/es\/behind-the-scenes\/#breadcrumb\",\"itemListElement\":[{\"@type\":\"ListItem\",\"position\":1,\"name\":\"Home\",\"item\":\"https:\/\/antonioguillem.com\/es\/\"},{\"@type\":\"ListItem\",\"position\":2,\"name\":\"Entre bastidores\"}]},{\"@type\":\"WebSite\",\"@id\":\"https:\/\/antonioguillem.com\/es\/#website\",\"url\":\"https:\/\/antonioguillem.com\/es\/\",\"name\":\"Antonio Guillem - Microstock Photography\",\"description\":\"Microstock Photographer\",\"potentialAction\":[{\"@type\":\"SearchAction\",\"target\":{\"@type\":\"EntryPoint\",\"urlTemplate\":\"https:\/\/antonioguillem.com\/es\/?s={search_term_string}\"},\"query-input\":\"required name=search_term_string\"}],\"inLanguage\":\"es\"}]}<\/script>\n<!-- \/ Yoast SEO plugin. -->","yoast_head_json":{"title":"Entre bastidores - Antonio Guillem - Microstock Photography","robots":{"index":"index","follow":"follow","max-snippet":"max-snippet:-1","max-image-preview":"max-image-preview:large","max-video-preview":"max-video-preview:-1"},"canonical":"http:\/\/antonioguillem.com\/es\/behind-the-scenes\/","og_locale":"es_ES","og_type":"article","og_title":"Entre bastidores - Antonio Guillem - Microstock Photography","og_url":"http:\/\/antonioguillem.com\/es\/behind-the-scenes\/","og_site_name":"Antonio Guillem - Microstock Photography","article_modified_time":"2021-11-23T15:35:43+00:00","twitter_card":"summary_large_image","twitter_misc":{"Tiempo de lectura":"2 minutos"},"schema":{"@context":"https:\/\/schema.org","@graph":[{"@type":"WebPage","@id":"http:\/\/antonioguillem.com\/es\/behind-the-scenes\/","url":"http:\/\/antonioguillem.com\/es\/behind-the-scenes\/","name":"Entre bastidores - Antonio Guillem - Microstock Photography","isPartOf":{"@id":"https:\/\/antonioguillem.com\/es\/#website"},"datePublished":"2017-08-28T10:39:21+00:00","dateModified":"2021-11-23T15:35:43+00:00","breadcrumb":{"@id":"http:\/\/antonioguillem.com\/es\/behind-the-scenes\/#breadcrumb"},"inLanguage":"es","potentialAction":[{"@type":"ReadAction","target":["http:\/\/antonioguillem.com\/es\/behind-the-scenes\/"]}]},{"@type":"BreadcrumbList","@id":"http:\/\/antonioguillem.com\/es\/behind-the-scenes\/#breadcrumb","itemListElement":[{"@type":"ListItem","position":1,"name":"Home","item":"https:\/\/antonioguillem.com\/es\/"},{"@type":"ListItem","position":2,"name":"Entre bastidores"}]},{"@type":"WebSite","@id":"https:\/\/antonioguillem.com\/es\/#website","url":"https:\/\/antonioguillem.com\/es\/","name":"Antonio Guillem - Microstock Photography","description":"Microstock Photographer","potentialAction":[{"@type":"SearchAction","target":{"@type":"EntryPoint","urlTemplate":"https:\/\/antonioguillem.com\/es\/?s={search_term_string}"},"query-input":"required name=search_term_string"}],"inLanguage":"es"}]}},"_links":{"self":[{"href":"http:\/\/antonioguillem.com\/es\/wp-json\/wp\/v2\/pages\/4577","targetHints":{"allow":["GET"]}}],"collection":[{"href":"http:\/\/antonioguillem.com\/es\/wp-json\/wp\/v2\/pages"}],"about":[{"href":"http:\/\/antonioguillem.com\/es\/wp-json\/wp\/v2\/types\/page"}],"author":[{"embeddable":true,"href":"http:\/\/antonioguillem.com\/es\/wp-json\/wp\/v2\/users\/1"}],"replies":[{"embeddable":true,"href":"http:\/\/antonioguillem.com\/es\/wp-json\/wp\/v2\/comments?post=4577"}],"version-history":[{"count":3,"href":"http:\/\/antonioguillem.com\/es\/wp-json\/wp\/v2\/pages\/4577\/revisions"}],"predecessor-version":[{"id":4579,"href":"http:\/\/antonioguillem.com\/es\/wp-json\/wp\/v2\/pages\/4577\/revisions\/4579"}],"wp:attachment":[{"href":"http:\/\/antonioguillem.com\/es\/wp-json\/wp\/v2\/media?parent=4577"}],"curies":[{"name":"wp","href":"https:\/\/api.w.org\/{rel}","templated":true}]}}