{"id":4603,"date":"2016-12-29T10:31:23","date_gmt":"2016-12-29T10:31:23","guid":{"rendered":"https:\/\/antonioguillem.com\/policy-on-use-of-cookies\/"},"modified":"2021-11-23T15:36:17","modified_gmt":"2021-11-23T15:36:17","slug":"politica-de-cookies","status":"publish","type":"page","link":"http:\/\/antonioguillem.com\/es\/politica-de-cookies\/","title":{"rendered":"POL\u00cdTICA DE COOKIES"},"content":{"rendered":"<p>Una \u00abcookie\u00bb es un peque\u00f1o archivo almacenado en el ordenador del usuario que nos permite reconocerlo. Un conjunto de cookies nos ayuda a mejorar la calidad de nuestra web, permiti\u00e9ndonos controlar qu\u00e9 p\u00e1ginas encuentran nuestros usuarios \u00fatiles y cu\u00e1les no.<\/p>\n<p>Las cookies son esenciales para el funcionamiento de Internet, aportando innumerables ventajas en la prestaci\u00f3n de servicios interactivos, facilitando la navegaci\u00f3n y usabilidad de nuestra web. Recuerde que las cookies no pueden da\u00f1ar su ordenador y que, cuando est\u00e1n activadas, nos ayudan a identificar y resolver los errores.<\/p>\n<p>La siguiente informaci\u00f3n le ayudar\u00e1 a entender los diferentes tipos de cookies:<\/p>\n<ul>\n<li><strong>Cookies de sesi\u00f3n:<\/strong> son cookies temporales que permanecen en el archivo de cookies de su navegador hasta que abandone la p\u00e1gina web, por lo que ninguna queda registrada en el disco duro del usuario. La informaci\u00f3n obtenida a trav\u00e9s de estas cookies se utiliza para analizar pautas de tr\u00e1fico en la web. A largo plazo, esto nos permite ofrecer una mejor experiencia para mejorar el contenido, facilitando su uso.<\/li>\n<li><strong>Cookies permanentes:<\/strong> se almacenan en el disco duro y nuestro sitio web las lee cada vez que se vuelve a visitar. Las cookies permanentes tienen una fecha de caducidad determinada. La cookie dejar\u00e1 de funcionar despu\u00e9s de esa fecha.<\/li>\n<\/ul>\n<p>A continuaci\u00f3n se enumeran las principales cookies utilizadas en nuestro sitio web, en particular<\/p>\n<ul>\n<li><strong>Cookies estrictamente necesarias,<\/strong> como las que act\u00faan para una correcta navegaci\u00f3n o las que realizan servicios solicitados por el usuario o cookies que act\u00faan para que el contenido de la web se cargue eficazmente.<\/li>\n<li><strong>Cookies de terceros<\/strong>, como las utilizadas por las redes sociales o por complementos externos de contenido.<\/li>\n<li><strong>Cookies anal\u00edticas:<\/strong> con fines de mantenimiento peri\u00f3dico, y para garantizar el mejor servicio posible al usuario, los sitios web suelen utilizar cookies \u00abanal\u00edticas\u00bb para recopilar datos estad\u00edsticos de la actividad.<\/li>\n<\/ul>\n<p>&nbsp;<\/p>\n<p>&nbsp;<\/p>\n<p><strong>LISTA Y DESCRIPCI\u00d3N DE LAS COOKIES QUE UTILIZAMOS EN EL SITIO WEB:<\/strong><\/p>\n<p>La siguiente tabla muestra un resumen de las cookies que utilizamos en nuestro sitio web:<\/p>\n<table width=\"100%\">\n<tbody>\n<tr>\n<td width=\"81\"><strong>Cookie<\/strong><\/td>\n<td width=\"92\">Nombre<\/td>\n<td width=\"198\"><strong>Objetivos \/ M\u00e1s informaci\u00f3n<\/strong><\/td>\n<td width=\"78\"><strong>Caducidad<\/strong><\/td>\n<\/tr>\n<tr>\n<td width=\"81\">Cookies google.com<\/td>\n<td width=\"92\">PREF<\/td>\n<td width=\"198\">El uso de servicios basados en la localizaci\u00f3n, como Google Maps, implica la instalaci\u00f3n de estas cookies.<\/td>\n<td width=\"78\">2 a\u00f1os<\/td>\n<\/tr>\n<tr>\n<td width=\"81\"><\/td>\n<td width=\"92\">APISID<\/td>\n<td width=\"198\">Se utiliza para recordar las preferencias del usuario durante la navegaci\u00f3n.<\/td>\n<td width=\"78\">2 a\u00f1os<\/td>\n<\/tr>\n<tr>\n<td width=\"81\"><\/td>\n<td width=\"92\">SAPISID<\/td>\n<td width=\"198\"><\/td>\n<td width=\"78\">2 a\u00f1os<\/td>\n<\/tr>\n<tr>\n<td width=\"81\"><\/td>\n<td width=\"92\">SSID<\/td>\n<td width=\"198\">Tambi\u00e9n para que Google contabilice el n\u00famero de usuarios que utilizan los mapas.<\/td>\n<td width=\"78\">2 a\u00f1os<\/td>\n<\/tr>\n<tr>\n<td width=\"81\"><\/td>\n<td width=\"92\">NID<\/td>\n<td width=\"198\">Para hacer m\u00e1s atractiva la publicidad<\/td>\n<td width=\"78\">6 meses<\/td>\n<\/tr>\n<tr>\n<td width=\"81\"><\/td>\n<td width=\"92\">HSID, SID<\/td>\n<td width=\"198\">Y proporcionar mecanismos de seguridad para evitar el acceso no autorizado a los datos de acceso de los usuarios o a la informaci\u00f3n que proporcionan en los formularios de contacto, por ejemplo.<\/td>\n<td width=\"78\">2 a\u00f1os<\/td>\n<\/tr>\n<\/tbody>\n<\/table>\n<p>&nbsp;<\/p>\n<p><strong>Garant\u00edas complementarias &#8211; Gesti\u00f3n de cookies:<\/strong><\/p>\n<p>Como garant\u00eda adicional a las descritas anteriormente, el registro de las cookies puede estar sujeto a su aceptaci\u00f3n durante la instalaci\u00f3n o al actualizar el navegador utilizado, y esta aceptaci\u00f3n puede ser revocada en cualquier momento mediante los ajustes de contenido y privacidad disponibles.<\/p>\n<p>Muchos navegadores permiten activar un modo oculto, mediante el cual las cookies se eliminan siempre despu\u00e9s de la visita. Dependiendo del navegador, este modo oculto puede tener diferentes nombres. A continuaci\u00f3n se muestra una lista de los navegadores m\u00e1s comunes y los diferentes nombres de este \u00abmodo oculto\u00bb:<\/p>\n<p><strong>Internet Explorer 8<\/strong> y superiores; InPrivate <strong>Safari 2<\/strong> y superiores; Private Browser<\/p>\n<p><strong>Opera 10.5<\/strong> y superiores; InPrivate Browsing <strong>FireFox 3.5<\/strong> y superiores; Private Browser Google Chrome 10 y superiores<\/p>\n<p>&nbsp;<\/p>\n<p><strong>Importante: <\/strong>Lea atentamente la secci\u00f3n de ayuda de su navegador para saber c\u00f3mo activar el \u00abmodo oculto\u00bb. Puede seguir visitando nuestro sitio web aunque su navegador est\u00e9 en \u00abmodo oculto\u00bb, <strong>aunque su experiencia de navegaci\u00f3n en nuestro sitio web no ser\u00e1 \u00f3ptima y algunas funciones podr\u00edan no funcionar correctamente.<\/strong><\/p>\n","protected":false},"excerpt":{"rendered":"<p>Una \u00abcookie\u00bb es un peque\u00f1o archivo almacenado en el ordenador del usuario que nos permite reconocerlo. Un conjunto de cookies nos ayuda a mejorar la calidad de nuestra web, permiti\u00e9ndonos controlar qu\u00e9 p\u00e1ginas encuentran nuestros usuarios \u00fatiles y cu\u00e1les no. Las cookies son esenciales para el funcionamiento de Internet, aportando innumerables ventajas en la prestaci\u00f3n [&hellip;]<\/p>\n","protected":false},"author":2,"featured_media":0,"parent":0,"menu_order":0,"comment_status":"closed","ping_status":"closed","template":"","meta":{"footnotes":""},"class_list":["post-4603","page","type-page","status-publish","hentry"],"acf":[],"yoast_head":"<!-- This site is optimized with the Yoast SEO plugin v19.14 - https:\/\/yoast.com\/wordpress\/plugins\/seo\/ -->\n<title>POL\u00cdTICA DE COOKIES - Antonio Guillem - Microstock Photography<\/title>\n<meta name=\"robots\" content=\"noindex, follow\" \/>\n<meta property=\"og:locale\" content=\"es_ES\" \/>\n<meta property=\"og:type\" content=\"article\" \/>\n<meta property=\"og:title\" content=\"POL\u00cdTICA DE COOKIES - Antonio Guillem - Microstock Photography\" \/>\n<meta property=\"og:description\" content=\"Una \u00abcookie\u00bb es un peque\u00f1o archivo almacenado en el ordenador del usuario que nos permite reconocerlo. Un conjunto de cookies nos ayuda a mejorar la calidad de nuestra web, permiti\u00e9ndonos controlar qu\u00e9 p\u00e1ginas encuentran nuestros usuarios \u00fatiles y cu\u00e1les no. Las cookies son esenciales para el funcionamiento de Internet, aportando innumerables ventajas en la prestaci\u00f3n [&hellip;]\" \/>\n<meta property=\"og:url\" content=\"http:\/\/antonioguillem.com\/es\/politica-de-cookies\/\" \/>\n<meta property=\"og:site_name\" content=\"Antonio Guillem - Microstock Photography\" \/>\n<meta property=\"article:modified_time\" content=\"2021-11-23T15:36:17+00:00\" \/>\n<meta name=\"twitter:card\" content=\"summary_large_image\" \/>\n<meta name=\"twitter:label1\" content=\"Tiempo de lectura\" \/>\n\t<meta name=\"twitter:data1\" content=\"3 minutos\" \/>\n<script type=\"application\/ld+json\" class=\"yoast-schema-graph\">{\"@context\":\"https:\/\/schema.org\",\"@graph\":[{\"@type\":\"WebPage\",\"@id\":\"http:\/\/antonioguillem.com\/es\/politica-de-cookies\/\",\"url\":\"http:\/\/antonioguillem.com\/es\/politica-de-cookies\/\",\"name\":\"POL\u00cdTICA DE COOKIES - Antonio Guillem - Microstock Photography\",\"isPartOf\":{\"@id\":\"https:\/\/antonioguillem.com\/es\/#website\"},\"datePublished\":\"2016-12-29T10:31:23+00:00\",\"dateModified\":\"2021-11-23T15:36:17+00:00\",\"breadcrumb\":{\"@id\":\"http:\/\/antonioguillem.com\/es\/politica-de-cookies\/#breadcrumb\"},\"inLanguage\":\"es\",\"potentialAction\":[{\"@type\":\"ReadAction\",\"target\":[\"http:\/\/antonioguillem.com\/es\/politica-de-cookies\/\"]}]},{\"@type\":\"BreadcrumbList\",\"@id\":\"http:\/\/antonioguillem.com\/es\/politica-de-cookies\/#breadcrumb\",\"itemListElement\":[{\"@type\":\"ListItem\",\"position\":1,\"name\":\"Home\",\"item\":\"http:\/\/antonioguillem.com\/es\/\"},{\"@type\":\"ListItem\",\"position\":2,\"name\":\"POL\u00cdTICA DE COOKIES\"}]},{\"@type\":\"WebSite\",\"@id\":\"https:\/\/antonioguillem.com\/es\/#website\",\"url\":\"https:\/\/antonioguillem.com\/es\/\",\"name\":\"Antonio Guillem - Microstock Photography\",\"description\":\"Microstock Photographer\",\"potentialAction\":[{\"@type\":\"SearchAction\",\"target\":{\"@type\":\"EntryPoint\",\"urlTemplate\":\"https:\/\/antonioguillem.com\/es\/?s={search_term_string}\"},\"query-input\":\"required name=search_term_string\"}],\"inLanguage\":\"es\"}]}<\/script>\n<!-- \/ Yoast SEO plugin. -->","yoast_head_json":{"title":"POL\u00cdTICA DE COOKIES - Antonio Guillem - Microstock Photography","robots":{"index":"noindex","follow":"follow"},"og_locale":"es_ES","og_type":"article","og_title":"POL\u00cdTICA DE COOKIES - Antonio Guillem - Microstock Photography","og_description":"Una \u00abcookie\u00bb es un peque\u00f1o archivo almacenado en el ordenador del usuario que nos permite reconocerlo. Un conjunto de cookies nos ayuda a mejorar la calidad de nuestra web, permiti\u00e9ndonos controlar qu\u00e9 p\u00e1ginas encuentran nuestros usuarios \u00fatiles y cu\u00e1les no. Las cookies son esenciales para el funcionamiento de Internet, aportando innumerables ventajas en la prestaci\u00f3n [&hellip;]","og_url":"http:\/\/antonioguillem.com\/es\/politica-de-cookies\/","og_site_name":"Antonio Guillem - Microstock Photography","article_modified_time":"2021-11-23T15:36:17+00:00","twitter_card":"summary_large_image","twitter_misc":{"Tiempo de lectura":"3 minutos"},"schema":{"@context":"https:\/\/schema.org","@graph":[{"@type":"WebPage","@id":"http:\/\/antonioguillem.com\/es\/politica-de-cookies\/","url":"http:\/\/antonioguillem.com\/es\/politica-de-cookies\/","name":"POL\u00cdTICA DE COOKIES - Antonio Guillem - Microstock Photography","isPartOf":{"@id":"https:\/\/antonioguillem.com\/es\/#website"},"datePublished":"2016-12-29T10:31:23+00:00","dateModified":"2021-11-23T15:36:17+00:00","breadcrumb":{"@id":"http:\/\/antonioguillem.com\/es\/politica-de-cookies\/#breadcrumb"},"inLanguage":"es","potentialAction":[{"@type":"ReadAction","target":["http:\/\/antonioguillem.com\/es\/politica-de-cookies\/"]}]},{"@type":"BreadcrumbList","@id":"http:\/\/antonioguillem.com\/es\/politica-de-cookies\/#breadcrumb","itemListElement":[{"@type":"ListItem","position":1,"name":"Home","item":"http:\/\/antonioguillem.com\/es\/"},{"@type":"ListItem","position":2,"name":"POL\u00cdTICA DE COOKIES"}]},{"@type":"WebSite","@id":"https:\/\/antonioguillem.com\/es\/#website","url":"https:\/\/antonioguillem.com\/es\/","name":"Antonio Guillem - Microstock Photography","description":"Microstock Photographer","potentialAction":[{"@type":"SearchAction","target":{"@type":"EntryPoint","urlTemplate":"https:\/\/antonioguillem.com\/es\/?s={search_term_string}"},"query-input":"required name=search_term_string"}],"inLanguage":"es"}]}},"_links":{"self":[{"href":"http:\/\/antonioguillem.com\/es\/wp-json\/wp\/v2\/pages\/4603","targetHints":{"allow":["GET"]}}],"collection":[{"href":"http:\/\/antonioguillem.com\/es\/wp-json\/wp\/v2\/pages"}],"about":[{"href":"http:\/\/antonioguillem.com\/es\/wp-json\/wp\/v2\/types\/page"}],"author":[{"embeddable":true,"href":"http:\/\/antonioguillem.com\/es\/wp-json\/wp\/v2\/users\/2"}],"replies":[{"embeddable":true,"href":"http:\/\/antonioguillem.com\/es\/wp-json\/wp\/v2\/comments?post=4603"}],"version-history":[{"count":6,"href":"http:\/\/antonioguillem.com\/es\/wp-json\/wp\/v2\/pages\/4603\/revisions"}],"predecessor-version":[{"id":4657,"href":"http:\/\/antonioguillem.com\/es\/wp-json\/wp\/v2\/pages\/4603\/revisions\/4657"}],"wp:attachment":[{"href":"http:\/\/antonioguillem.com\/es\/wp-json\/wp\/v2\/media?parent=4603"}],"curies":[{"name":"wp","href":"https:\/\/api.w.org\/{rel}","templated":true}]}}