{"id":4659,"date":"2021-06-04T07:27:08","date_gmt":"2021-06-04T07:27:08","guid":{"rendered":"https:\/\/antonioguillem.com\/license-conditions\/"},"modified":"2021-11-23T15:35:24","modified_gmt":"2021-11-23T15:35:24","slug":"condiciones-de-la-licencia","status":"publish","type":"page","link":"http:\/\/antonioguillem.com\/es\/condiciones-de-la-licencia\/","title":{"rendered":"CONDICIONES DE LA LICENCIA DE ANTONIO GUILLEM PICTURES"},"content":{"rendered":"<div class=\"fusion-fullwidth fullwidth-box fusion-builder-row-1 fusion-flex-container nonhundred-percent-fullwidth non-hundred-percent-height-scrolling\" style=\"--awb-border-radius-top-left:0px;--awb-border-radius-top-right:0px;--awb-border-radius-bottom-right:0px;--awb-border-radius-bottom-left:0px;\" ><div class=\"fusion-builder-row fusion-row fusion-flex-align-items-flex-start\" style=\"max-width:1560px;margin-left: calc(-4% \/ 2 );margin-right: calc(-4% \/ 2 );\"><div class=\"fusion-layout-column fusion_builder_column fusion-builder-column-0 fusion_builder_column_1_1 1_1 fusion-flex-column\" style=\"--awb-bg-size:cover;--awb-width-large:100%;--awb-spacing-right-large:1.92%;--awb-spacing-left-large:1.92%;--awb-width-medium:100%;--awb-order-medium:0;--awb-spacing-right-medium:1.92%;--awb-spacing-left-medium:1.92%;--awb-width-small:100%;--awb-order-small:0;--awb-spacing-right-small:1.92%;--awb-spacing-left-small:1.92%;\"><div class=\"fusion-column-wrapper fusion-column-has-shadow fusion-flex-justify-content-flex-start fusion-content-layout-column\"><div class=\"fusion-tabs fusion-tabs-1 classic nav-is-justified horizontal-tabs icon-position-left mobile-mode-accordion\" style=\"--awb-title-border-radius-top-left:0px;--awb-title-border-radius-top-right:0px;--awb-title-border-radius-bottom-right:0px;--awb-title-border-radius-bottom-left:0px;--awb-inactive-color:#ebeaea;--awb-background-color:#ffffff;--awb-border-color:#ebeaea;--awb-active-border-color:#000000;\"><div class=\"nav\"><ul class=\"nav-tabs nav-justified\" role=\"tablist\"><li class=\"active\" role=\"presentation\"><a class=\"tab-link\" data-toggle=\"tab\" role=\"tab\" aria-controls=\"tab-6e4b910b904ec179561\" aria-selected=\"true\" id=\"fusion-tab-english\" href=\"#tab-6e4b910b904ec179561\"><h4 class=\"fusion-tab-heading\">ENGLISH<\/h4><\/a><\/li><li role=\"presentation\"><a class=\"tab-link\" data-toggle=\"tab\" role=\"tab\" aria-controls=\"tab-898b399c8c8c6bc7c76\" aria-selected=\"false\" tabindex=\"-1\" id=\"fusion-tab-spanish\" href=\"#tab-898b399c8c8c6bc7c76\"><h4 class=\"fusion-tab-heading\">SPANISH<\/h4><\/a><\/li><\/ul><\/div><div class=\"tab-content\"><div class=\"nav fusion-mobile-tab-nav\"><ul class=\"nav-tabs nav-justified\" role=\"tablist\"><li class=\"active\" role=\"presentation\"><a class=\"tab-link\" data-toggle=\"tab\" role=\"tab\" aria-controls=\"tab-6e4b910b904ec179561\" aria-selected=\"true\" id=\"mobile-fusion-tab-english\" href=\"#tab-6e4b910b904ec179561\"><h4 class=\"fusion-tab-heading\">ENGLISH<\/h4><\/a><\/li><\/ul><\/div><div class=\"tab-pane fade fusion-clearfix in active\" role=\"tabpanel\" tabindex=\"0\" aria-labelledby=\"fusion-tab-english\" id=\"tab-6e4b910b904ec179561\">\n<p><strong>LICENSE CONDITIONS OF ANTONIO GUILLEM PICTURES<\/strong><\/p>\n<ol>\n<li><strong>Conditions<\/strong><\/li>\n<\/ol>\n<p>ANTONIO GUILLEM offers two types of licenses for the acquisition of the photo, standard and enhanced license. The downloaded content may be used within the limitations of each license, which you can see detailed below.<\/p>\n<p>The rights to the image are perpetual, as they do not have an expiration date. They are not exclusive, since the same license can be granted to another individual, and they are unlimited in terms of the number of times it is used<a href=\"#_ftn1\" name=\"_ftnref1\">[1]<\/a>.<\/p>\n<ol start=\"2\">\n<li><strong>General restrictions<\/strong><\/li>\n<\/ol>\n<p>It is not allowed:<\/p>\n<ol>\n<li>To resell, redistribute, transfer or use the downloaded content in a way that enables a third party to download, use, extract or distribute the stock content or gain access to it (either in a separate file format or otherwise in violation of the license restrictions).<\/li>\n<li>Register the stock content as a trademark, services, or trade name, nor therefore claim property rights to prevent the use of content or similar content by a third party.<\/li>\n<li>Using any stock content in a pornographic, defamatory, deceptive, or otherwise illegal, obscene, or libelous context.<\/li>\n<li>Use stock content outside the limitations of use detailed on the website.<\/li>\n<li>Use the stock content in a way that violates the rights or intellectual properties of third parties, as well as the moral rights of the creator of the stock content or of the people who appear.<\/li>\n<li>Use the content in any way that could be considered unflattering, immoral, offensive, obscene or controversial, including but not limited to,\n<ol>\n<li>Adult entertainment venues \/ services, companionship services, or the like.<\/li>\n<li>Ads for tobacco or related products.<\/li>\n<li>In a political context, in explicit or implicit support of a movement, party or opinion.<\/li>\n<li>Insinuation of physical or mental disabilities.<\/li>\n<li>In the participation of immoral or criminal activities.<\/li>\n<\/ol>\n<\/li>\n<li>False claims of authorship<\/li>\n<\/ol>\n<ol start=\"3\">\n<li><strong>Additional rights<\/strong><\/li>\n<\/ol>\n<p>The rights are non-transferable and cannot be sub-licensed, except in the following situations:<\/p>\n<ol>\n<li>Employers or clients: You can buy on behalf of your employer or client, provided that sufficient power of attorney is guaranteed to bind them to the content conditions. You must transfer the license to your client by means of a contract, in which the applicable conditions of use imposed by ANTONIO GUILLEM are detailed.<\/li>\n<li>Suppliers or distributors: You can transfer the content to suppliers or distributors, under contract, where they agree to comply with the restrictions of the conditions of use, and in which case the suppliers or distributors will use the content to carry out the project or end use, and in no way for other purposes.<\/li>\n<\/ol>\n<p>If more than one user access to the content is required, it must be done under the extended license, otherwise, under the standard license conditions the content will be available to only one person at a time.<\/p>\n<p>Depending on the type of use, two types of license are established, standard license and extended license.<\/p>\n<p><strong>STANDARD LICENSE<\/strong><\/p>\n<ol start=\"4\">\n<li><strong>Specific Standard License Restrictions for Images<\/strong><\/li>\n<\/ol>\n<p>In addition to the general restrictions in section 2, the following restrictions apply to any standard licensed images:<\/p>\n<ol>\n<li>Image is not allowed to appear on more than 500,000 printed materials<\/li>\n<li>You may not incorporate the image in a recording or live production, whose expected audience exceeds 500,000 viewers, except for images shown exclusively on social networks, mobile applications or websites.<\/li>\n<li>You may not add content to merchandise intended for sale or distribution (including on-demand products).<\/li>\n<li>You may not use or incorporate the stock content in any electronic template or design template application (but not limited to web designs, presentation templates, greeting cards &#8230;)<\/li>\n<\/ol>\n<table>\n<tbody>\n<tr>\n<td width=\"141\">The standard license allows:<\/td>\n<td width=\"425\">Up to 500,000:<\/p>\n<p>&#8211; Part impressions of packaging, CD labeling, magazines, books &#8230;<\/p>\n<p>&#8211; Advertising campaigns (billboards, street furniture)<\/p>\n<p>&#8211; Stamp in printed formats<\/p>\n<p>&#8211; Packaging, marketing, mail Digital reproduction, websites, social networks, electronic publications &#8230;<\/td>\n<\/tr>\n<\/tbody>\n<\/table>\n<p><strong>EXTENDED LICENSE<\/strong><\/p>\n<ol start=\"5\">\n<li><strong>Specific Extended License Restrictions for Images<\/strong><\/li>\n<\/ol>\n<p>Under the extended license, the same restrictions as detailed in point 2 apply.<\/p>\n<p>The same rights are also granted as with the standard license, but without the limitation of the number of reproductions or viewers, restrictions detailed in point 4.a and 4.b, in 4.Specific restrictions of the standard license for images.<\/p>\n<p>In addition, with the extended license you can also:<\/p>\n<ol>\n<li>Add the image to products for sale and distribution, as long as creative or functional elements are incorporated in addition to the image.<\/li>\n<\/ol>\n<table>\n<tbody>\n<tr>\n<td width=\"104\">The extended license allows<\/td>\n<td width=\"463\">Without limitation:<\/p>\n<p>&#8211; Part impressions of packaging, CD labeling, magazines, books &#8230;<\/p>\n<p>&#8211; Advertising campaigns (billboards, street furniture)<\/p>\n<p>&#8211; Stamp in printed formats<\/p>\n<p>&#8211; Packaging, printed material, marketing, mail<\/p>\n<p>&#8211; Online media (Youtube, Vimeo &#8230;)<\/p>\n<p>&#8211; Movies, videos, series, advertisements<\/p>\n<p>Digital reproduction, websites, social media, electronic publications &#8230;<\/p>\n<p>Products for resale \/ electronic templates:<\/p>\n<p>&#8211; &lt;90,000 cards, stationery, postcards &#8230;<\/p>\n<p>&#8211; &lt;9,000 mugs, calendars, posters &#8230;<\/p>\n<p>&#8211; &lt;2,000 items of clothing, games, CDs &#8230;<\/p>\n<p>Merchandise for sale \/ distribution will be allowed if creative elements other than the image are incorporated<\/td>\n<\/tr>\n<\/tbody>\n<\/table>\n<ol start=\"6\">\n<li><strong>Credits and copyright notices<\/strong><\/li>\n<li>The origin of the image must be proven if the use is in a context in which another provider of stock images receives attribution, including then a similar attribution for ANTONIO GUILLEM; and<\/li>\n<li>In the case that the content is used in an audiovisual production, you must add the author&#8217;s attribution according to industry standards.<\/li>\n<\/ol>\n<ol start=\"7\">\n<li><strong>Customized licenses<\/strong><\/li>\n<\/ol>\n<p>For other types of uses not specified in this document, <a href=\"https:\/\/antonioguillem.com\/contact\/\">contact us here<\/a>.<\/p>\n<p><a href=\"#_ftnref1\" name=\"_ftn1\">[1]<\/a> In case you download content for a client of yours, the image may be <strong>used only<\/strong> for that client, without limitation of times of use<\/p>\n<\/div><div class=\"nav fusion-mobile-tab-nav\"><ul class=\"nav-tabs nav-justified\" role=\"tablist\"><li role=\"presentation\"><a class=\"tab-link\" data-toggle=\"tab\" role=\"tab\" aria-controls=\"tab-898b399c8c8c6bc7c76\" aria-selected=\"false\" tabindex=\"-1\" id=\"mobile-fusion-tab-spanish\" href=\"#tab-898b399c8c8c6bc7c76\"><h4 class=\"fusion-tab-heading\">SPANISH<\/h4><\/a><\/li><\/ul><\/div><div class=\"tab-pane fade fusion-clearfix\" role=\"tabpanel\" tabindex=\"0\" aria-labelledby=\"fusion-tab-spanish\" id=\"tab-898b399c8c8c6bc7c76\">\n<p><strong>CONDICIONES DE USO DE LAS LICENCIAS DE FOTOGRAF\u00cdAS DE ANTONIO GUILLEM<\/strong><\/p>\n<ol>\n<li><strong>Condiciones<\/strong><\/li>\n<\/ol>\n<p>Antonio Guillem ofrece dos tipos de licencias para la adquisici\u00f3n de la foto, licencia est\u00e1ndar y mejorada. Se podr\u00e1 usar el contenido descargado dentro de las limitaciones de cada licencia, las cuales podr\u00e1 ver detalladas m\u00e1s abajo.<\/p>\n<p>Los derechos sobre la imagen son perpetuos, al no tener fecha de vencimiento. No son exclusivos, ya que se puede otorgar la misma licencia a otro individuo, y son ilimitados en cuanto al n\u00famero de veces que se use<a href=\"#_ftn1\" name=\"_ftnref1\">[1]<\/a>.<\/p>\n<ol start=\"2\">\n<li><strong>Restricciones generales<\/strong><\/li>\n<\/ol>\n<p>Queda prohibido:<\/p>\n<ol>\n<li>Revender, redistribuir, transferir o usar el contenido descargado de modo que permita que un tercero descargue, use, extraiga o distribuya los contenidos de stock u obtenga acceso a ellos (ya sea en formato de archivo independiente o de otro modo en que se incumplan las restricciones de la licencia).<\/li>\n<li>Registrar el contenido de stock como marca comercial, de servicios, o nombre comercial, ni por ello reclamar derechos de propiedad para evitar la utilizaci\u00f3n del contenido o contenido similar por parte de un tercero.<\/li>\n<li>Utilizar cualquier contenido de stock en un contexto pornogr\u00e1fico, difamatorio, enga\u00f1oso, o cualquier otro modo que sea ilegal, obsceno, o calumnioso.<\/li>\n<li>Usar el contenido de stock fuera de las limitaciones de uso detalladas en el sitio web.<\/li>\n<li>Utilizar el contenido de stock de alg\u00fan modo en que vulnere o transgreda derechos o propiedades intelectuales de terceros, as\u00ed como los derechos morales del creador de los contenidos de stock o de la \/ las personas que aparezcan.<\/li>\n<li>Usar el contenido de cualquier modo en que se pudiera considerar poco favorecedor, inmoral, ofensivo, obsceno o pol\u00e9mico, incluyendo a modo meramente enunciativo,\n<ol>\n<li>Lugares\/servicios de entretenimiento para adultos, servicios de compa\u00f1\u00eda, u otros similares.<\/li>\n<li>Anuncios de tabaco o productos relacionados.<\/li>\n<li>En contexto pol\u00edtico, en apoyo expl\u00edcito o impl\u00edcito de alg\u00fan movimiento, partido u opini\u00f3n.<\/li>\n<li>Insinuaci\u00f3n de discapacidades f\u00edsicas o mentales.<\/li>\n<li>En la participaci\u00f3n de actividades inmorales o delictivas.<\/li>\n<\/ol>\n<\/li>\n<li>Declaraciones de autor\u00eda falsas<\/li>\n<\/ol>\n<ol start=\"3\">\n<li><strong>Derechos adicionales<\/strong><\/li>\n<\/ol>\n<p>Los derechos son intransferibles y no se pueden sublicenciar, exceptuando en las situaciones siguientes:<\/p>\n<ol>\n<li>Empleadores o clientes: Puede comprar en nombre de su empleador o cliente, siempre que se garantice poder legal suficiente para vincularlos con las condiciones del contenido. Deber\u00e1 transferir la licencia a su cliente por medio de un contrato, en el que se detallen las condiciones de uso aplicables impuestas por Antonio Guillem.<\/li>\n<li>Proveedores o distribuidores: Puede transferir el contenido a proveedores o distribuidores, bajo contrato, donde se comprometan a cumplir con las restricciones de las condiciones de uso, y en cuyo caso los proveedores o distribuidores utilizar\u00e1n el contenido para llevar a cabo el proyecto o uso final, y de ning\u00fan modo para otros prop\u00f3sitos.<\/li>\n<\/ol>\n<p>Si se necesita el acceso de m\u00e1s de un usuario al contenido, deber\u00e1 hacerse bajo la licencia extendida, en el caso contrario, bajo las condiciones de licencia est\u00e1ndar el contenido estar\u00e1 disponible para una \u00fanica persona a la vez.<\/p>\n<p>En funci\u00f3n del tipo de uso se establecen dos tipos de licencia, licencia est\u00e1ndar y licencia extendida.<\/p>\n<p><strong>LICENCIA EST\u00c1NDAR<\/strong><\/p>\n<ol start=\"4\">\n<li><strong>Restricciones espec\u00edficas de la licencia est\u00e1ndar para las im\u00e1genes <\/strong><\/li>\n<\/ol>\n<p>En adici\u00f3n a las restricciones generales del apartado 2, se aplican las siguientes restricciones para cualquier imagen bajo licencia est\u00e1ndar:<\/p>\n<ol start=\"500\">\n<li>No se permite que la imagen aparezca en m\u00e1s de 500.000 materiales impresos<\/li>\n<li>No podr\u00e1 incorporar la imagen en una grabaci\u00f3n o producci\u00f3n en directo, cuya audiencia esperada supere los 500.000 espectadores, a excepci\u00f3n de im\u00e1genes mostradas en exclusiva en redes sociales, aplicaciones m\u00f3viles o sitios web.<\/li>\n<li>No podr\u00e1 a\u00f1adir el contenido en mercanc\u00edas destinadas a su venta o distribuci\u00f3n (incluidos productos bajo demanda).<\/li>\n<li>No puede usar o incorporar el contenido de stock en ninguna plantilla electr\u00f3nica ni aplicaci\u00f3n de plantilla de dise\u00f1o (a modo enunciativo dise\u00f1os web, plantillas de presentaci\u00f3n, tarjetas de felicitaci\u00f3n\u2026)<\/li>\n<\/ol>\n<table width=\"596\">\n<tbody>\n<tr>\n<td width=\"91\">La licencia est\u00e1ndar permite:<\/td>\n<td width=\"505\">Hasta 500.000:<\/p>\n<p>&#8211;\u00a0\u00a0\u00a0\u00a0\u00a0\u00a0\u00a0 Impresiones parte de embalaje, etiquetado CD, revistas, libros\u2026<\/p>\n<p>&#8211;\u00a0\u00a0\u00a0\u00a0\u00a0\u00a0\u00a0 Campa\u00f1as de publicidad (carteleras, mobiliario urbano)<\/p>\n<p>&#8211;\u00a0\u00a0\u00a0\u00a0\u00a0\u00a0\u00a0 Estampa en formatos impresos<\/p>\n<p>&#8211;\u00a0\u00a0\u00a0\u00a0\u00a0\u00a0\u00a0 Envases, marketing, correos<\/p>\n<p>Reproducci\u00f3n digital, sitios web, redes sociales, publicaciones electr\u00f3nicas\u2026<\/td>\n<\/tr>\n<\/tbody>\n<\/table>\n<p><strong>LICENCIA EXTENDIDA<\/strong><\/p>\n<ol start=\"5\">\n<li><strong>Restricciones espec\u00edficas de la licencia extendida para las im\u00e1genes <\/strong><\/li>\n<\/ol>\n<p>Bajo la licencia extendida se aplican las mismas restricciones detalladas en el punto 2.<\/p>\n<p>Tambi\u00e9n se otorgan los mismos derechos que con la licencia est\u00e1ndar, pero sin la limitaci\u00f3n de n\u00famero de reproducciones o espectadores, restricciones detalladas en el punto 4.a y 4.b, en 4.Restricciones espec\u00edficas de la licencia est\u00e1ndar para las im\u00e1genes.<\/p>\n<p>Adem\u00e1s, con la licencia extendida tambi\u00e9n podr\u00e1:<\/p>\n<ol>\n<li>A\u00f1adir la imagen a productos para su venta y distribuci\u00f3n, siempre y cuando se incorporen elementos creativos o funcionales a parte de la imagen.<\/li>\n<\/ol>\n<table width=\"614\">\n<tbody>\n<tr>\n<td width=\"85\">La licencia extendida permite<\/td>\n<td width=\"529\">Sin limitaci\u00f3n:<\/p>\n<p>&#8211;\u00a0\u00a0\u00a0\u00a0\u00a0\u00a0\u00a0 Impresiones parte de embalaje, etiquetado CD, revistas, libros\u2026<\/p>\n<p>&#8211;\u00a0\u00a0\u00a0\u00a0\u00a0\u00a0\u00a0 Campa\u00f1as de publicidad (carteleras, mobiliario urbano)<\/p>\n<p>&#8211;\u00a0\u00a0\u00a0\u00a0\u00a0\u00a0\u00a0 Estampa en formatos impresos<\/p>\n<p>&#8211;\u00a0\u00a0\u00a0\u00a0\u00a0\u00a0\u00a0 Envases, material impreso, marketing, correos<\/p>\n<p>&#8211;\u00a0\u00a0\u00a0\u00a0\u00a0\u00a0\u00a0 Medios en l\u00ednea (Youtube, Vimeo\u2026)<\/p>\n<p>&#8211;\u00a0\u00a0\u00a0\u00a0\u00a0\u00a0\u00a0 Pel\u00edculas, v\u00eddeos, series, anuncios<\/p>\n<p>Reproducci\u00f3n digital, sitios web, medios sociales, publicaciones electr\u00f3nicas\u2026<\/p>\n<p>Productos para la reventa\/plantillas electr\u00f3nicas:<\/p>\n<p>&#8211;\u00a0\u00a0\u00a0\u00a0\u00a0\u00a0\u00a0 &lt;90.000 tarjetas, papeler\u00eda, postales \u2026<\/p>\n<p>&#8211;\u00a0\u00a0\u00a0\u00a0\u00a0\u00a0\u00a0 &lt;9.000 tazas, calendarios, p\u00f3sters \u2026<\/p>\n<p>&#8211;\u00a0\u00a0\u00a0\u00a0\u00a0\u00a0\u00a0 &lt; 2.000 prendas de vestir, juegos, CD\u2026<\/p>\n<p>La mercanc\u00eda para venta\/distribuci\u00f3n ser\u00e1 permitida <strong>siempre y cuando<\/strong> se incorporen elementos creativos aparte de la imagen<\/td>\n<\/tr>\n<\/tbody>\n<\/table>\n<ol start=\"6\">\n<li><strong>Cr\u00e9ditos y avisos de derechos de autor<\/strong><\/li>\n<li>Deber\u00e1 acreditarse el origen de la imagen en el caso que el uso est\u00e9 en un contexto en el cual otro proveedor de im\u00e1genes de stock reciba atribuci\u00f3n, incluyendo entonces una atribuci\u00f3n similar para Antonio Guillem; y<\/li>\n<li>En el caso que el contenido se utilice en una producci\u00f3n audiovisual, deber\u00e1 a\u00f1adir la atribuci\u00f3n del autor conforme a los est\u00e1ndares de la industria.<\/li>\n<\/ol>\n<ol start=\"7\">\n<li><strong>Licencias personalizadas<\/strong><\/li>\n<\/ol>\n<p>Para otro tipo de usos no especificados en el presente documento, contacten con nosotros <a href=\"https:\/\/antonioguillem.com\/contact\/\"><strong>aqu\u00ed.<\/strong><\/a><\/p>\n<p><a href=\"#_ftnref1\" name=\"_ftn1\">[1]<\/a> En el caso de que usted descargue contenido para un cliente suyo, la imagen podr\u00e1 ser utilizada \u00fanicamente para ese cliente, sin limitaci\u00f3n de veces de uso.<\/p>\n<\/div><\/div><\/div><\/div><\/div><\/div><\/div>\n","protected":false},"excerpt":{"rendered":"","protected":false},"author":4,"featured_media":0,"parent":0,"menu_order":0,"comment_status":"closed","ping_status":"closed","template":"","meta":{"footnotes":""},"class_list":["post-4659","page","type-page","status-publish","hentry"],"acf":[],"yoast_head":"<!-- This site is optimized with the Yoast SEO plugin v19.14 - https:\/\/yoast.com\/wordpress\/plugins\/seo\/ -->\n<title>CONDICIONES DE LA LICENCIA DE ANTONIO GUILLEM PICTURES - Antonio Guillem - Microstock Photography<\/title>\n<meta name=\"robots\" content=\"index, follow, max-snippet:-1, max-image-preview:large, max-video-preview:-1\" \/>\n<link rel=\"canonical\" href=\"http:\/\/antonioguillem.com\/es\/condiciones-de-la-licencia\/\" \/>\n<meta property=\"og:locale\" content=\"es_ES\" \/>\n<meta property=\"og:type\" content=\"article\" \/>\n<meta property=\"og:title\" content=\"CONDICIONES DE LA LICENCIA DE ANTONIO GUILLEM PICTURES - Antonio Guillem - Microstock Photography\" \/>\n<meta property=\"og:url\" content=\"http:\/\/antonioguillem.com\/es\/condiciones-de-la-licencia\/\" \/>\n<meta property=\"og:site_name\" content=\"Antonio Guillem - Microstock Photography\" \/>\n<meta property=\"article:modified_time\" content=\"2021-11-23T15:35:24+00:00\" \/>\n<meta name=\"twitter:card\" content=\"summary_large_image\" \/>\n<meta name=\"twitter:label1\" content=\"Tiempo de lectura\" \/>\n\t<meta name=\"twitter:data1\" content=\"13 minutos\" \/>\n<script type=\"application\/ld+json\" class=\"yoast-schema-graph\">{\"@context\":\"https:\/\/schema.org\",\"@graph\":[{\"@type\":\"WebPage\",\"@id\":\"http:\/\/antonioguillem.com\/es\/condiciones-de-la-licencia\/\",\"url\":\"http:\/\/antonioguillem.com\/es\/condiciones-de-la-licencia\/\",\"name\":\"CONDICIONES DE LA LICENCIA DE ANTONIO GUILLEM PICTURES - Antonio Guillem - Microstock Photography\",\"isPartOf\":{\"@id\":\"https:\/\/antonioguillem.com\/es\/#website\"},\"datePublished\":\"2021-06-04T07:27:08+00:00\",\"dateModified\":\"2021-11-23T15:35:24+00:00\",\"breadcrumb\":{\"@id\":\"http:\/\/antonioguillem.com\/es\/condiciones-de-la-licencia\/#breadcrumb\"},\"inLanguage\":\"es\",\"potentialAction\":[{\"@type\":\"ReadAction\",\"target\":[\"http:\/\/antonioguillem.com\/es\/condiciones-de-la-licencia\/\"]}]},{\"@type\":\"BreadcrumbList\",\"@id\":\"http:\/\/antonioguillem.com\/es\/condiciones-de-la-licencia\/#breadcrumb\",\"itemListElement\":[{\"@type\":\"ListItem\",\"position\":1,\"name\":\"Home\",\"item\":\"https:\/\/antonioguillem.com\/es\/\"},{\"@type\":\"ListItem\",\"position\":2,\"name\":\"CONDICIONES DE LA LICENCIA DE ANTONIO GUILLEM PICTURES\"}]},{\"@type\":\"WebSite\",\"@id\":\"https:\/\/antonioguillem.com\/es\/#website\",\"url\":\"https:\/\/antonioguillem.com\/es\/\",\"name\":\"Antonio Guillem - Microstock Photography\",\"description\":\"Microstock Photographer\",\"potentialAction\":[{\"@type\":\"SearchAction\",\"target\":{\"@type\":\"EntryPoint\",\"urlTemplate\":\"https:\/\/antonioguillem.com\/es\/?s={search_term_string}\"},\"query-input\":\"required name=search_term_string\"}],\"inLanguage\":\"es\"}]}<\/script>\n<!-- \/ Yoast SEO plugin. -->","yoast_head_json":{"title":"CONDICIONES DE LA LICENCIA DE ANTONIO GUILLEM PICTURES - Antonio Guillem - Microstock Photography","robots":{"index":"index","follow":"follow","max-snippet":"max-snippet:-1","max-image-preview":"max-image-preview:large","max-video-preview":"max-video-preview:-1"},"canonical":"http:\/\/antonioguillem.com\/es\/condiciones-de-la-licencia\/","og_locale":"es_ES","og_type":"article","og_title":"CONDICIONES DE LA LICENCIA DE ANTONIO GUILLEM PICTURES - Antonio Guillem - Microstock Photography","og_url":"http:\/\/antonioguillem.com\/es\/condiciones-de-la-licencia\/","og_site_name":"Antonio Guillem - Microstock Photography","article_modified_time":"2021-11-23T15:35:24+00:00","twitter_card":"summary_large_image","twitter_misc":{"Tiempo de lectura":"13 minutos"},"schema":{"@context":"https:\/\/schema.org","@graph":[{"@type":"WebPage","@id":"http:\/\/antonioguillem.com\/es\/condiciones-de-la-licencia\/","url":"http:\/\/antonioguillem.com\/es\/condiciones-de-la-licencia\/","name":"CONDICIONES DE LA LICENCIA DE ANTONIO GUILLEM PICTURES - Antonio Guillem - Microstock Photography","isPartOf":{"@id":"https:\/\/antonioguillem.com\/es\/#website"},"datePublished":"2021-06-04T07:27:08+00:00","dateModified":"2021-11-23T15:35:24+00:00","breadcrumb":{"@id":"http:\/\/antonioguillem.com\/es\/condiciones-de-la-licencia\/#breadcrumb"},"inLanguage":"es","potentialAction":[{"@type":"ReadAction","target":["http:\/\/antonioguillem.com\/es\/condiciones-de-la-licencia\/"]}]},{"@type":"BreadcrumbList","@id":"http:\/\/antonioguillem.com\/es\/condiciones-de-la-licencia\/#breadcrumb","itemListElement":[{"@type":"ListItem","position":1,"name":"Home","item":"https:\/\/antonioguillem.com\/es\/"},{"@type":"ListItem","position":2,"name":"CONDICIONES DE LA LICENCIA DE ANTONIO GUILLEM PICTURES"}]},{"@type":"WebSite","@id":"https:\/\/antonioguillem.com\/es\/#website","url":"https:\/\/antonioguillem.com\/es\/","name":"Antonio Guillem - Microstock Photography","description":"Microstock Photographer","potentialAction":[{"@type":"SearchAction","target":{"@type":"EntryPoint","urlTemplate":"https:\/\/antonioguillem.com\/es\/?s={search_term_string}"},"query-input":"required name=search_term_string"}],"inLanguage":"es"}]}},"_links":{"self":[{"href":"http:\/\/antonioguillem.com\/es\/wp-json\/wp\/v2\/pages\/4659","targetHints":{"allow":["GET"]}}],"collection":[{"href":"http:\/\/antonioguillem.com\/es\/wp-json\/wp\/v2\/pages"}],"about":[{"href":"http:\/\/antonioguillem.com\/es\/wp-json\/wp\/v2\/types\/page"}],"author":[{"embeddable":true,"href":"http:\/\/antonioguillem.com\/es\/wp-json\/wp\/v2\/users\/4"}],"replies":[{"embeddable":true,"href":"http:\/\/antonioguillem.com\/es\/wp-json\/wp\/v2\/comments?post=4659"}],"version-history":[{"count":3,"href":"http:\/\/antonioguillem.com\/es\/wp-json\/wp\/v2\/pages\/4659\/revisions"}],"predecessor-version":[{"id":4662,"href":"http:\/\/antonioguillem.com\/es\/wp-json\/wp\/v2\/pages\/4659\/revisions\/4662"}],"wp:attachment":[{"href":"http:\/\/antonioguillem.com\/es\/wp-json\/wp\/v2\/media?parent=4659"}],"curies":[{"name":"wp","href":"https:\/\/api.w.org\/{rel}","templated":true}]}}